{"id":24679,"date":"2023-05-11T14:20:44","date_gmt":"2023-05-11T14:20:44","guid":{"rendered":"https:\/\/www.allforhorses.ee\/?post_type=product&#038;p=24679"},"modified":"2023-05-12T20:49:10","modified_gmt":"2023-05-12T20:49:10","slug":"hkm-poolsaapad-sheffield","status":"publish","type":"product","link":"https:\/\/www.allforhorses.ee\/ru\/toode\/hkm-poolsaapad-sheffield\/","title":{"rendered":"HKM Poolsaapad &#171;Sheffield&#187;"},"content":{"rendered":"","protected":false},"excerpt":{"rendered":"<p><strong>Poolsaapad &#171;<\/strong><span class=\"base\" data-ui-id=\"page-title-wrapper\">S<strong>heffield&#187; <\/strong><\/span>on valmistatud kunstnahast. Kannusetoed, peal paelad reguleerimiseks, trukkidega lisakinnitused, lukk tagak\u00fcljel. Saapaid on kerge puhastada ja hooldada.<\/p>\n<p><em>LAOS suurus 37.<\/em><br \/>\n<em>\u00dclej\u00e4\u00e4nud ettetellimisel. Tarne 10-14 t\u00f6\u00f6p\u00e4eva.<\/em><\/p>\n<p>&nbsp;<\/p>\n","protected":false},"featured_media":24701,"template":"","meta":[],"product_brand":[],"product_cat":[109,110,111],"product_tag":[],"class_list":{"0":"post-24679","1":"product","2":"type-product","3":"status-publish","4":"has-post-thumbnail","6":"product_cat-ratsariided","7":"product_cat-ratsasaapad","8":"product_cat-poolsaapad","10":"first","11":"instock","12":"taxable","13":"shipping-taxable","14":"purchasable","15":"product-type-variable"},"_links":{"self":[{"href":"https:\/\/www.allforhorses.ee\/ru\/wp-json\/wp\/v2\/product\/24679","targetHints":{"allow":["GET"]}}],"collection":[{"href":"https:\/\/www.allforhorses.ee\/ru\/wp-json\/wp\/v2\/product"}],"about":[{"href":"https:\/\/www.allforhorses.ee\/ru\/wp-json\/wp\/v2\/types\/product"}],"wp:featuredmedia":[{"embeddable":true,"href":"https:\/\/www.allforhorses.ee\/ru\/wp-json\/wp\/v2\/media\/24701"}],"wp:attachment":[{"href":"https:\/\/www.allforhorses.ee\/ru\/wp-json\/wp\/v2\/media?parent=24679"}],"wp:term":[{"taxonomy":"product_brand","embeddable":true,"href":"https:\/\/www.allforhorses.ee\/ru\/wp-json\/wp\/v2\/product_brand?post=24679"},{"taxonomy":"product_cat","embeddable":true,"href":"https:\/\/www.allforhorses.ee\/ru\/wp-json\/wp\/v2\/product_cat?post=24679"},{"taxonomy":"product_tag","embeddable":true,"href":"https:\/\/www.allforhorses.ee\/ru\/wp-json\/wp\/v2\/product_tag?post=24679"}],"curies":[{"name":"wp","href":"https:\/\/api.w.org\/{rel}","templated":true}]}}