{"id":24460,"date":"2023-05-11T12:47:04","date_gmt":"2023-05-11T12:47:04","guid":{"rendered":"https:\/\/www.allforhorses.ee\/?post_type=product&#038;p=24460"},"modified":"2024-12-30T10:39:41","modified_gmt":"2024-12-30T10:39:41","slug":"hkm-kehahari-lavender-bay","status":"publish","type":"product","link":"https:\/\/www.allforhorses.ee\/ru\/toode\/hkm-kehahari-lavender-bay\/","title":{"rendered":"HKM Kehahari &#171;Lavender Bay&#187;"},"content":{"rendered":"","protected":false},"excerpt":{"rendered":"<p><strong>HKM Kehahari<\/strong> on\u00a0v\u00e4ga hea abivahend hobuse keha ja laka hooldamisel.<\/p>\n<p><em>Tarne 10-14 t\u00f6\u00f6p\u00e4eva.<\/em><\/p>\n","protected":false},"featured_media":24466,"template":"","meta":[],"product_brand":[],"product_cat":[158,159,160,165],"product_tag":[],"class_list":{"0":"post-24460","1":"product","2":"type-product","3":"status-publish","4":"has-post-thumbnail","6":"product_cat-hobusele","7":"product_cat-hobuste-hooldusvahendid","8":"product_cat-hobuste-harjad","9":"product_cat-pehmed-kehaharjad","11":"first","12":"instock","13":"taxable","14":"shipping-taxable","15":"purchasable","16":"product-type-simple"},"_links":{"self":[{"href":"https:\/\/www.allforhorses.ee\/ru\/wp-json\/wp\/v2\/product\/24460","targetHints":{"allow":["GET"]}}],"collection":[{"href":"https:\/\/www.allforhorses.ee\/ru\/wp-json\/wp\/v2\/product"}],"about":[{"href":"https:\/\/www.allforhorses.ee\/ru\/wp-json\/wp\/v2\/types\/product"}],"wp:featuredmedia":[{"embeddable":true,"href":"https:\/\/www.allforhorses.ee\/ru\/wp-json\/wp\/v2\/media\/24466"}],"wp:attachment":[{"href":"https:\/\/www.allforhorses.ee\/ru\/wp-json\/wp\/v2\/media?parent=24460"}],"wp:term":[{"taxonomy":"product_brand","embeddable":true,"href":"https:\/\/www.allforhorses.ee\/ru\/wp-json\/wp\/v2\/product_brand?post=24460"},{"taxonomy":"product_cat","embeddable":true,"href":"https:\/\/www.allforhorses.ee\/ru\/wp-json\/wp\/v2\/product_cat?post=24460"},{"taxonomy":"product_tag","embeddable":true,"href":"https:\/\/www.allforhorses.ee\/ru\/wp-json\/wp\/v2\/product_tag?post=24460"}],"curies":[{"name":"wp","href":"https:\/\/api.w.org\/{rel}","templated":true}]}}