{"id":24419,"date":"2023-05-11T12:27:42","date_gmt":"2023-05-11T12:27:42","guid":{"rendered":"https:\/\/www.allforhorses.ee\/?post_type=product&#038;p=24419"},"modified":"2024-07-24T11:39:39","modified_gmt":"2024-07-24T11:39:39","slug":"hkm-kaelaosa-ja-kohuklapiga-putukatekk-lyon","status":"publish","type":"product","link":"https:\/\/www.allforhorses.ee\/ru\/toode\/hkm-kaelaosa-ja-kohuklapiga-putukatekk-lyon\/","title":{"rendered":"HKM Kaelaosa ja K\u00f5huklapiga Putukatekk &#171;Lyon&#187;"},"content":{"rendered":"","protected":false},"excerpt":{"rendered":"<p><b>HKM <\/b><b>Kaelaosa ja K\u00f5huklapiga Putukatekk &#171;Lyon&#187; <\/b>kaitseb hobuseid s\u00e4\u00e4skede ja k\u00e4rbeste eest. Kvaliteetne mitterebenev materjal. Fikseeritud kaelaosa(full neck), reguleeritavad kinnitused rinnaesisel,\u00a0 sabaklapp, k\u00f5hualune kaitse.<br \/>\nPutukatekk on masinpestav 30 kraadise pesuprogrammiga, 100% pol\u00fcester.<\/p>\n<p>V\u00e4rv: hall.<\/p>\n<p><i>Saadaval alates 25.03.2025.<\/i><\/p>\n","protected":false},"featured_media":24445,"template":"","meta":[],"product_brand":[],"product_cat":[158,244,248,204,207],"product_tag":[],"class_list":{"0":"post-24419","1":"product","2":"type-product","3":"status-publish","4":"has-post-thumbnail","6":"product_cat-hobusele","7":"product_cat-hobuste-tekid-tarvikud","8":"product_cat-putukatekid-hobuste-tekid-tarvikud","9":"product_cat-putukatorje-vahendid","10":"product_cat-putukatekid","12":"first","13":"instock","14":"taxable","15":"shipping-taxable","16":"purchasable","17":"product-type-variable"},"_links":{"self":[{"href":"https:\/\/www.allforhorses.ee\/ru\/wp-json\/wp\/v2\/product\/24419","targetHints":{"allow":["GET"]}}],"collection":[{"href":"https:\/\/www.allforhorses.ee\/ru\/wp-json\/wp\/v2\/product"}],"about":[{"href":"https:\/\/www.allforhorses.ee\/ru\/wp-json\/wp\/v2\/types\/product"}],"wp:featuredmedia":[{"embeddable":true,"href":"https:\/\/www.allforhorses.ee\/ru\/wp-json\/wp\/v2\/media\/24445"}],"wp:attachment":[{"href":"https:\/\/www.allforhorses.ee\/ru\/wp-json\/wp\/v2\/media?parent=24419"}],"wp:term":[{"taxonomy":"product_brand","embeddable":true,"href":"https:\/\/www.allforhorses.ee\/ru\/wp-json\/wp\/v2\/product_brand?post=24419"},{"taxonomy":"product_cat","embeddable":true,"href":"https:\/\/www.allforhorses.ee\/ru\/wp-json\/wp\/v2\/product_cat?post=24419"},{"taxonomy":"product_tag","embeddable":true,"href":"https:\/\/www.allforhorses.ee\/ru\/wp-json\/wp\/v2\/product_tag?post=24419"}],"curies":[{"name":"wp","href":"https:\/\/api.w.org\/{rel}","templated":true}]}}