{"id":24176,"date":"2023-04-12T18:35:53","date_gmt":"2023-04-12T18:35:53","guid":{"rendered":"https:\/\/www.allforhorses.ee\/?post_type=product&#038;p=24176"},"modified":"2025-03-24T10:29:32","modified_gmt":"2025-03-24T10:29:32","slug":"cavalor-sabapalsam-star-shine","status":"publish","type":"product","link":"https:\/\/www.allforhorses.ee\/ru\/toode\/cavalor-sabapalsam-star-shine\/","title":{"rendered":"Cavalor Sabapalsam &#171;Star Shine&#187;"},"content":{"rendered":"","protected":false},"excerpt":{"rendered":"<p><strong>Cavalor Saba- ja Lakapalsam Star Shine<\/strong>on h\u00e4sti kestev laka ja saba palsam unikaalse ja meeldiva l\u00f5hnaga. Cavalor Star Shine annab l\u00e4ikiva s\u00e4ra sinu hobuse karvale ning muudab ta t\u00f5eliseks &#171;t\u00e4heks&#187; v\u00f5istlusplatsil. Hobuse lakk ja saba j\u00e4\u00e4b eelduste kohaselt kuni n\u00e4dalaks puntravabaks.<\/p>\n<p><em>Kasutamine:<\/em> Pihusta lakale ja sabale palsamit ning m\u00f5ne minuti m\u00f6\u00f6dudes ei ole enam sul probleeme nende kammimisel. Kestvuse m\u00f5ju on suurim kui seda tehakse p\u00e4rast hobuse pesemist Cavalor Equi Wash \u0161ampooniga. Kauni l\u00e4ike andmiseks loksuta \u00f5rnalt palsamit ning kanna see hobuse karvkattele, seej\u00e4rel h\u00f5\u00f5ru lapiga see karva peale laiali.<\/p>\n","protected":false},"featured_media":24179,"template":"","meta":[],"product_brand":[],"product_cat":[158,792,159,171],"product_tag":[],"class_list":{"0":"post-24176","1":"product","2":"type-product","3":"status-publish","4":"has-post-thumbnail","6":"product_cat-hobusele","7":"product_cat-saba-ja-lakapalsam","8":"product_cat-hobuste-hooldusvahendid","9":"product_cat-saba-lakk-ja-karvkate","11":"first","12":"instock","13":"taxable","14":"shipping-taxable","15":"purchasable","16":"product-type-variable"},"_links":{"self":[{"href":"https:\/\/www.allforhorses.ee\/ru\/wp-json\/wp\/v2\/product\/24176","targetHints":{"allow":["GET"]}}],"collection":[{"href":"https:\/\/www.allforhorses.ee\/ru\/wp-json\/wp\/v2\/product"}],"about":[{"href":"https:\/\/www.allforhorses.ee\/ru\/wp-json\/wp\/v2\/types\/product"}],"wp:featuredmedia":[{"embeddable":true,"href":"https:\/\/www.allforhorses.ee\/ru\/wp-json\/wp\/v2\/media\/24179"}],"wp:attachment":[{"href":"https:\/\/www.allforhorses.ee\/ru\/wp-json\/wp\/v2\/media?parent=24176"}],"wp:term":[{"taxonomy":"product_brand","embeddable":true,"href":"https:\/\/www.allforhorses.ee\/ru\/wp-json\/wp\/v2\/product_brand?post=24176"},{"taxonomy":"product_cat","embeddable":true,"href":"https:\/\/www.allforhorses.ee\/ru\/wp-json\/wp\/v2\/product_cat?post=24176"},{"taxonomy":"product_tag","embeddable":true,"href":"https:\/\/www.allforhorses.ee\/ru\/wp-json\/wp\/v2\/product_tag?post=24176"}],"curies":[{"name":"wp","href":"https:\/\/api.w.org\/{rel}","templated":true}]}}