{"id":24171,"date":"2023-04-12T08:23:45","date_gmt":"2023-04-12T08:23:45","guid":{"rendered":"https:\/\/www.allforhorses.ee\/?post_type=product&#038;p=24171"},"modified":"2025-07-27T12:27:44","modified_gmt":"2025-07-27T12:27:44","slug":"cavalor-hobuse-kuivshampoon-bianco-spray","status":"publish","type":"product","link":"https:\/\/www.allforhorses.ee\/ru\/toode\/cavalor-hobuse-kuivshampoon-bianco-spray\/","title":{"rendered":"Cavalor Hobuse Kuivshampoon &#171;Bianco spray&#187;"},"content":{"rendered":"","protected":false},"excerpt":{"rendered":"<p><strong>Cavalor Kuivshampoon Bianco\u00a0<\/strong>eemaldab ka k\u00f5ige t\u00f5rksamad plekid v\u00e4hese vaevaga. Vajad vaid Cavalor Bianco Spray\u2019d ja puhast ning kuiva r\u00e4tikut. Cavalor Bianco Spray on valge pulber, mis aktiveerub plekile pihustades. See hoiab mustuse karva k\u00fclge kinnitumast ja teeb mustuse lihtsasti eemaldatavaks. Cavalor Bianco Spray koostis on pH neutraalne ja ei kahjusta naha loomulikku rasukihti. Cavalor Bianco Spray on rikastatud argaania\u00f5liga, mis pakub karvale toitaineid ja niisutust. Selles looduslikus \u00f5lis on rikkalikult E-vitamiini, rasvhappeid ja antioks\u00fcdante.<\/p>\n<p>KASUTAMINE: Vett ei ole vaja. Lisa pulbrit plekile ja lase seista sel m\u00f5ni minut. See j\u00e4rel p\u00fchi \u00e4ra plekk koos \u00fcleliigse pulbriga kasutades kuiva r\u00e4tikut. Kohene tulemus!<\/p>\n<p>T\u00e4helepanu: Ainult v\u00e4lispidiseks kasutamiseks!<br \/>\nS\u00e4ilitamine: Hoida lastele k\u00e4ttesaamatus kohas.<br \/>\nTootja: Nutriquine N.V, Belgia<\/p>\n","protected":false},"featured_media":24172,"template":"","meta":[],"product_brand":[],"product_cat":[158,171,172,259],"product_tag":[],"class_list":{"0":"post-24171","1":"product","2":"type-product","3":"status-publish","4":"has-post-thumbnail","6":"product_cat-hobusele","7":"product_cat-saba-lakk-ja-karvkate","8":"product_cat-sampoon","9":"product_cat-hobuste-tervisehoid","11":"first","12":"instock","13":"taxable","14":"shipping-taxable","15":"purchasable","16":"product-type-simple"},"_links":{"self":[{"href":"https:\/\/www.allforhorses.ee\/ru\/wp-json\/wp\/v2\/product\/24171","targetHints":{"allow":["GET"]}}],"collection":[{"href":"https:\/\/www.allforhorses.ee\/ru\/wp-json\/wp\/v2\/product"}],"about":[{"href":"https:\/\/www.allforhorses.ee\/ru\/wp-json\/wp\/v2\/types\/product"}],"wp:featuredmedia":[{"embeddable":true,"href":"https:\/\/www.allforhorses.ee\/ru\/wp-json\/wp\/v2\/media\/24172"}],"wp:attachment":[{"href":"https:\/\/www.allforhorses.ee\/ru\/wp-json\/wp\/v2\/media?parent=24171"}],"wp:term":[{"taxonomy":"product_brand","embeddable":true,"href":"https:\/\/www.allforhorses.ee\/ru\/wp-json\/wp\/v2\/product_brand?post=24171"},{"taxonomy":"product_cat","embeddable":true,"href":"https:\/\/www.allforhorses.ee\/ru\/wp-json\/wp\/v2\/product_cat?post=24171"},{"taxonomy":"product_tag","embeddable":true,"href":"https:\/\/www.allforhorses.ee\/ru\/wp-json\/wp\/v2\/product_tag?post=24171"}],"curies":[{"name":"wp","href":"https:\/\/api.w.org\/{rel}","templated":true}]}}