{"id":24168,"date":"2023-04-12T08:17:28","date_gmt":"2023-04-12T08:17:28","guid":{"rendered":"https:\/\/www.allforhorses.ee\/?post_type=product&#038;p=24168"},"modified":"2024-05-07T11:11:14","modified_gmt":"2024-05-07T11:11:14","slug":"cavalor-kabjaoli-podoguard","status":"publish","type":"product","link":"https:\/\/www.allforhorses.ee\/ru\/toode\/cavalor-kabjaoli-podoguard\/","title":{"rendered":"Cavalor Kabja\u00f5li PodoGuard"},"content":{"rendered":"","protected":false},"excerpt":{"rendered":"<p><strong>Cavalor Kabja\u00f5li PodoGuard<\/strong> sobib kasutamiseks kabjale, mis on kergesti m\u00f5ranev, tundlik ja hell. Cavalor PodoGuard parandab kabja kvaliteeti ja soodustab selle kasvamist. Cavalor PodoGuard teeb kabja m\u00f5\u00f5dukalt niiskeks oma koostises sisalduvate \u00f5lidega, mis soodustavad m\u00f5ranenud kabja loomulikku paranemist. Tootes sisalduvad \u00f5lid on omavahel kombineeritult kabja toitmiseks ja kasvu soodustamiseks ning kabja kvaliteedi parandamiseks. Lisaks aitavad nad v\u00e4ltida bakterite teket kabjale, mille l\u00e4bi kabja kvaliteet paraneb.<\/p>\n<p>Kanna \u00f5li puhastatud kabjale, laiali m\u00e4\u00e4rimiseks kasuta pintslit. Parima tulemuse saamiskes on soovituslikku protseduuri tarvis korrata mitu korda n\u00e4dalas.<br \/>\nSinu hobuse paremate kapjade nimel kasuta Cavalor PodoGuardi koos <a href=\"https:\/\/www.allforhorses.ee\/toode\/cavalor-hobuse-taiendsoot-hoof-aid-special800g\/\">Cavalor Hoof Aid Specialiga<\/a>.<br \/>\nPakendi suurus:250 ml<br \/>\nParim enne: vaata pakendilt.<\/p>\n<p>Tootja: Nutriquine N.V, Belgia<\/p>\n<p>&nbsp;<\/p>\n","protected":false},"featured_media":24169,"template":"","meta":[],"product_brand":[],"product_cat":[158,159,692,693],"product_tag":[],"class_list":{"0":"post-24168","1":"product","2":"type-product","3":"status-publish","4":"has-post-thumbnail","6":"product_cat-hobusele","7":"product_cat-hobuste-hooldusvahendid","8":"product_cat-kabjahooldus","9":"product_cat-kabjaolid-lakid-ja-rasvad","11":"first","12":"instock","13":"taxable","14":"shipping-taxable","15":"purchasable","16":"product-type-simple"},"_links":{"self":[{"href":"https:\/\/www.allforhorses.ee\/ru\/wp-json\/wp\/v2\/product\/24168","targetHints":{"allow":["GET"]}}],"collection":[{"href":"https:\/\/www.allforhorses.ee\/ru\/wp-json\/wp\/v2\/product"}],"about":[{"href":"https:\/\/www.allforhorses.ee\/ru\/wp-json\/wp\/v2\/types\/product"}],"wp:featuredmedia":[{"embeddable":true,"href":"https:\/\/www.allforhorses.ee\/ru\/wp-json\/wp\/v2\/media\/24169"}],"wp:attachment":[{"href":"https:\/\/www.allforhorses.ee\/ru\/wp-json\/wp\/v2\/media?parent=24168"}],"wp:term":[{"taxonomy":"product_brand","embeddable":true,"href":"https:\/\/www.allforhorses.ee\/ru\/wp-json\/wp\/v2\/product_brand?post=24168"},{"taxonomy":"product_cat","embeddable":true,"href":"https:\/\/www.allforhorses.ee\/ru\/wp-json\/wp\/v2\/product_cat?post=24168"},{"taxonomy":"product_tag","embeddable":true,"href":"https:\/\/www.allforhorses.ee\/ru\/wp-json\/wp\/v2\/product_tag?post=24168"}],"curies":[{"name":"wp","href":"https:\/\/api.w.org\/{rel}","templated":true}]}}