{"id":23146,"date":"2023-03-29T19:27:15","date_gmt":"2023-03-29T19:27:15","guid":{"rendered":"https:\/\/www.allforhorses.ee\/?post_type=product&#038;p=23146"},"modified":"2023-03-29T19:42:11","modified_gmt":"2023-03-29T19:42:11","slug":"valjaste-ja-uldsadula-komplekt","status":"publish","type":"product","link":"https:\/\/www.allforhorses.ee\/ru\/toode\/valjaste-ja-uldsadula-komplekt\/","title":{"rendered":"Valjaste ja \u00dcldsadula komplekt"},"content":{"rendered":"","protected":false},"excerpt":{"rendered":"<p><strong>\u00dcldsadula ja valjaste komplekt<\/strong><\/p>\n<div><em>Komplektis 12&#187; (Shetty) on:<\/em><br \/>\n&#8212; \u00dcldsadula istme suurus 12&#187;, extra lai sadulakaar, bee\u017ei v\u00e4rvi \u00f5mblused,<br \/>\n&#8212; Valjad Shetty suuruses,<br \/>\n&#8212; Trenselsuuline suuruses 8,5 ja 9,5cm.<br \/>\n&#8212; Fillis jalused 9,5cm,<br \/>\n&#8212; Jaluserihmad must, Shetty,<br \/>\n&#8212; Puuvillast sadulav\u00f6\u00f6 must, 80 &#8212; 100cm,<br \/>\n&#8212; \u00dcldvaltrap suuruses shetty sinine, helesinine, valge, roosa, must v\u00f5i lilla.<\/div>\n<div>\n<div><\/div>\n<div><em>Komplektis 15&#187; (Pony) on:<\/em><br \/>\n&#8212; \u00dcldsadula istme suurus 15&#187;, extra lai sadulakaar, bee\u017ei v\u00e4rvi \u00f5mblused,<br \/>\n&#8212; Valjad Pony suuruses,<br \/>\n&#8212; Trenselsuuline suuruses 10,5cm.<br \/>\n&#8212; Fillis jalused 9,5cm,<br \/>\n&#8212; Jaluserihmad must, pony,<br \/>\n&#8212; Puuvillast sadulav\u00f6\u00f6 must, 80 &#8212; 110cm,<br \/>\n&#8212; \u00dcldvaltrap suuruses pony sinine, helesinine, valge, roosa, must v\u00f5i lilla.<\/div>\n<div><\/div>\n<\/div>\n<div><em>Komplektis 17,5&#187; (Cob\/Full) on:<\/em><br \/>\n&#8212; \u00dcldsadula istme suurus 17,5&#187;, sadulakaar suuruses II, bee\u017ei v\u00e4rvi \u00f5mblused,<br \/>\n&#8212; Valjad Full suuruses,<br \/>\n&#8212; Trenselsuuline suuruses 11,5 \/ 12,5 \/ 13,5 \/ 14,5cm.<br \/>\n&#8212; Fillis jalused 12cm,<br \/>\n&#8212; Jaluserihmad must, Full,<br \/>\n&#8212; Puuvillast sadulav\u00f6\u00f6 must, 100 &#8212; 140cm,<br \/>\n&#8212; \u00dcldvaltrap suuruses full sinine, helesinine, valge, roosa, must v\u00f5i lilla.<\/div>\n<p><em>Tarneaeg u 14 t\u00f6\u00f6p\u00e4eva.<\/em><\/p>\n","protected":false},"featured_media":23150,"template":"","meta":[],"product_brand":[],"product_cat":[158,176,180,177],"product_tag":[],"class_list":{"0":"post-23146","1":"product","2":"type-product","3":"status-publish","4":"has-post-thumbnail","6":"product_cat-hobusele","7":"product_cat-sadulad-ja-sadulakatted","8":"product_cat-ponide-sadulad","9":"product_cat-uldsadulad","11":"first","12":"instock","13":"taxable","14":"shipping-taxable","15":"purchasable","16":"product-type-variable"},"_links":{"self":[{"href":"https:\/\/www.allforhorses.ee\/ru\/wp-json\/wp\/v2\/product\/23146","targetHints":{"allow":["GET"]}}],"collection":[{"href":"https:\/\/www.allforhorses.ee\/ru\/wp-json\/wp\/v2\/product"}],"about":[{"href":"https:\/\/www.allforhorses.ee\/ru\/wp-json\/wp\/v2\/types\/product"}],"wp:featuredmedia":[{"embeddable":true,"href":"https:\/\/www.allforhorses.ee\/ru\/wp-json\/wp\/v2\/media\/23150"}],"wp:attachment":[{"href":"https:\/\/www.allforhorses.ee\/ru\/wp-json\/wp\/v2\/media?parent=23146"}],"wp:term":[{"taxonomy":"product_brand","embeddable":true,"href":"https:\/\/www.allforhorses.ee\/ru\/wp-json\/wp\/v2\/product_brand?post=23146"},{"taxonomy":"product_cat","embeddable":true,"href":"https:\/\/www.allforhorses.ee\/ru\/wp-json\/wp\/v2\/product_cat?post=23146"},{"taxonomy":"product_tag","embeddable":true,"href":"https:\/\/www.allforhorses.ee\/ru\/wp-json\/wp\/v2\/product_tag?post=23146"}],"curies":[{"name":"wp","href":"https:\/\/api.w.org\/{rel}","templated":true}]}}