{"id":23137,"date":"2023-03-29T19:14:26","date_gmt":"2023-03-29T19:14:26","guid":{"rendered":"https:\/\/www.allforhorses.ee\/?post_type=product&#038;p=23137"},"modified":"2023-08-24T17:45:39","modified_gmt":"2023-08-24T17:45:39","slug":"uldsadul-new-lord","status":"publish","type":"product","link":"https:\/\/www.allforhorses.ee\/ru\/toode\/uldsadul-new-lord\/","title":{"rendered":"\u00dcldsadul &#171;New Lord&#187;"},"content":{"rendered":"","protected":false},"excerpt":{"rendered":"<p><strong>\u00dcldsadul \u00a0&#171;New Lord&#187;<br \/>\n<\/strong>Dooped leather, detachable calf swing, wedge cushion, thigh padding.<\/p>\n<p>Istme suurus:<br \/>\n15,5&#187; &#8212; Pony,<br \/>\n17,5&#187; &#8212; Cob\/Full.<br \/>\nV\u00e4rv: must.<\/p>\n<p><em>Tarneaeg 14 t\u00f6\u00f6p\u00e4eva.<\/em><\/p>\n","protected":false},"featured_media":23144,"template":"","meta":[],"product_brand":[],"product_cat":[158,176,177,753,755],"product_tag":[],"class_list":{"0":"post-23137","1":"product","2":"type-product","3":"status-publish","4":"has-post-thumbnail","6":"product_cat-hobusele","7":"product_cat-sadulad-ja-sadulakatted","8":"product_cat-uldsadulad","9":"product_cat-suurtele-hobustele","10":"product_cat-sadulad","12":"first","13":"instock","14":"taxable","15":"shipping-taxable","16":"purchasable","17":"product-type-variable"},"_links":{"self":[{"href":"https:\/\/www.allforhorses.ee\/ru\/wp-json\/wp\/v2\/product\/23137","targetHints":{"allow":["GET"]}}],"collection":[{"href":"https:\/\/www.allforhorses.ee\/ru\/wp-json\/wp\/v2\/product"}],"about":[{"href":"https:\/\/www.allforhorses.ee\/ru\/wp-json\/wp\/v2\/types\/product"}],"wp:featuredmedia":[{"embeddable":true,"href":"https:\/\/www.allforhorses.ee\/ru\/wp-json\/wp\/v2\/media\/23144"}],"wp:attachment":[{"href":"https:\/\/www.allforhorses.ee\/ru\/wp-json\/wp\/v2\/media?parent=23137"}],"wp:term":[{"taxonomy":"product_brand","embeddable":true,"href":"https:\/\/www.allforhorses.ee\/ru\/wp-json\/wp\/v2\/product_brand?post=23137"},{"taxonomy":"product_cat","embeddable":true,"href":"https:\/\/www.allforhorses.ee\/ru\/wp-json\/wp\/v2\/product_cat?post=23137"},{"taxonomy":"product_tag","embeddable":true,"href":"https:\/\/www.allforhorses.ee\/ru\/wp-json\/wp\/v2\/product_tag?post=23137"}],"curies":[{"name":"wp","href":"https:\/\/api.w.org\/{rel}","templated":true}]}}