{"id":23115,"date":"2023-03-29T09:44:46","date_gmt":"2023-03-29T09:44:46","guid":{"rendered":"https:\/\/www.allforhorses.ee\/?post_type=product&#038;p=23115"},"modified":"2023-03-29T12:43:26","modified_gmt":"2023-03-29T12:43:26","slug":"pfiff-uldsadul-18","status":"publish","type":"product","link":"https:\/\/www.allforhorses.ee\/ru\/toode\/pfiff-uldsadul-18\/","title":{"rendered":"Pfiff \u00dcldsadul (18&#187;)"},"content":{"rendered":"","protected":false},"excerpt":{"rendered":"<p><strong>\u00dcldsadul \u00a0(18&#187;)<br \/>\n<\/strong><\/p>\n<ul>\n<li>cowhide leather<\/li>\n<li>pads filled with wool<\/li>\n<li>padded knee swings<\/li>\n<\/ul>\n<p>Istme suurus: 18&#187;.<br \/>\nSadulakaar: ekstra lai (extra wide).<br \/>\nV\u00e4rv: must, pruun.<\/p>\n<p><em>Tarneaeg 14 t\u00f6\u00f6p\u00e4eva.<\/em><\/p>\n","protected":false},"featured_media":23118,"template":"","meta":[],"product_brand":[],"product_cat":[158,176,177,753,755],"product_tag":[],"class_list":{"0":"post-23115","1":"product","2":"type-product","3":"status-publish","4":"has-post-thumbnail","6":"product_cat-hobusele","7":"product_cat-sadulad-ja-sadulakatted","8":"product_cat-uldsadulad","9":"product_cat-suurtele-hobustele","10":"product_cat-sadulad","12":"first","13":"instock","14":"taxable","15":"shipping-taxable","16":"purchasable","17":"product-type-variable"},"_links":{"self":[{"href":"https:\/\/www.allforhorses.ee\/ru\/wp-json\/wp\/v2\/product\/23115","targetHints":{"allow":["GET"]}}],"collection":[{"href":"https:\/\/www.allforhorses.ee\/ru\/wp-json\/wp\/v2\/product"}],"about":[{"href":"https:\/\/www.allforhorses.ee\/ru\/wp-json\/wp\/v2\/types\/product"}],"wp:featuredmedia":[{"embeddable":true,"href":"https:\/\/www.allforhorses.ee\/ru\/wp-json\/wp\/v2\/media\/23118"}],"wp:attachment":[{"href":"https:\/\/www.allforhorses.ee\/ru\/wp-json\/wp\/v2\/media?parent=23115"}],"wp:term":[{"taxonomy":"product_brand","embeddable":true,"href":"https:\/\/www.allforhorses.ee\/ru\/wp-json\/wp\/v2\/product_brand?post=23115"},{"taxonomy":"product_cat","embeddable":true,"href":"https:\/\/www.allforhorses.ee\/ru\/wp-json\/wp\/v2\/product_cat?post=23115"},{"taxonomy":"product_tag","embeddable":true,"href":"https:\/\/www.allforhorses.ee\/ru\/wp-json\/wp\/v2\/product_tag?post=23115"}],"curies":[{"name":"wp","href":"https:\/\/api.w.org\/{rel}","templated":true}]}}