{"id":22379,"date":"2023-03-12T21:15:07","date_gmt":"2023-03-12T21:15:07","guid":{"rendered":"https:\/\/www.allforhorses.ee\/?post_type=product&#038;p=22379"},"modified":"2025-01-29T10:28:46","modified_gmt":"2025-01-29T10:28:46","slug":"hkm-jope-allure","status":"publish","type":"product","link":"https:\/\/www.allforhorses.ee\/ru\/toode\/hkm-jope-allure\/","title":{"rendered":"HKM Jope &#171;Allure&#187;"},"content":{"rendered":"","protected":false},"excerpt":{"rendered":"<p><strong>HKM Jope &#171;Allure&#187;<br \/>\n<\/strong>Taljesse hoidev kuju. Esik\u00fcljel on 2 taskut.<br \/>\n100% polyester.<br \/>\nMasinpestav 30 kraadi juures.<\/p>\n<p><em>HKM Jope &#171;Allure&#187; on ainult ettetellimisel(tarne u 14 t\u00f6\u00f6p\u00e4eva).<br \/>\nLAOS roheline jope S, M, L suurustes.<br \/>\n<\/em><\/p>\n","protected":false},"featured_media":22400,"template":"","meta":[],"product_brand":[],"product_cat":[109,122,123],"product_tag":[],"class_list":{"0":"post-22379","1":"product","2":"type-product","3":"status-publish","4":"has-post-thumbnail","6":"product_cat-ratsariided","7":"product_cat-ratsajoped-ja-vestid","8":"product_cat-ratsajoped-ja-mantlid","10":"first","11":"instock","12":"taxable","13":"shipping-taxable","14":"purchasable","15":"product-type-variable"},"_links":{"self":[{"href":"https:\/\/www.allforhorses.ee\/ru\/wp-json\/wp\/v2\/product\/22379","targetHints":{"allow":["GET"]}}],"collection":[{"href":"https:\/\/www.allforhorses.ee\/ru\/wp-json\/wp\/v2\/product"}],"about":[{"href":"https:\/\/www.allforhorses.ee\/ru\/wp-json\/wp\/v2\/types\/product"}],"wp:featuredmedia":[{"embeddable":true,"href":"https:\/\/www.allforhorses.ee\/ru\/wp-json\/wp\/v2\/media\/22400"}],"wp:attachment":[{"href":"https:\/\/www.allforhorses.ee\/ru\/wp-json\/wp\/v2\/media?parent=22379"}],"wp:term":[{"taxonomy":"product_brand","embeddable":true,"href":"https:\/\/www.allforhorses.ee\/ru\/wp-json\/wp\/v2\/product_brand?post=22379"},{"taxonomy":"product_cat","embeddable":true,"href":"https:\/\/www.allforhorses.ee\/ru\/wp-json\/wp\/v2\/product_cat?post=22379"},{"taxonomy":"product_tag","embeddable":true,"href":"https:\/\/www.allforhorses.ee\/ru\/wp-json\/wp\/v2\/product_tag?post=22379"}],"curies":[{"name":"wp","href":"https:\/\/api.w.org\/{rel}","templated":true}]}}