{"id":21977,"date":"2023-03-10T20:50:28","date_gmt":"2023-03-10T20:50:28","guid":{"rendered":"https:\/\/www.allforhorses.ee\/?post_type=product&#038;p=21977"},"modified":"2025-01-29T10:30:21","modified_gmt":"2025-01-29T10:30:21","slug":"hkm-naiste-jope-savona","status":"publish","type":"product","link":"https:\/\/www.allforhorses.ee\/ru\/toode\/hkm-naiste-jope-savona\/","title":{"rendered":"HKM Naiste Ratsajakk &#171;Savona&#187;"},"content":{"rendered":"","protected":false},"excerpt":{"rendered":"<p><strong>HKM Naiste Ratsajakk &#171;Savona style&#187;<\/strong><br \/>\nTaljesse t\u00f6\u00f6deldud, 2 lukuga taskut.<br \/>\nMasinpestav 30 kraadiga.<br \/>\nMaterjal: 75% pol\u00fceester, 25% elastaan.<br \/>\nSobivad h\u00e4sti koos <a href=\"https:\/\/www.allforhorses.ee\/toode\/hkm-taisgrippidega-ratsaretuusid-savona\/\">ratsaretuusidega &#171;Savona&#187;<\/a>.<\/p>\n<p><em>Tarneaeg 10-14 t\u00f6\u00f6p\u00e4eva.<\/em><\/p>\n","protected":false},"featured_media":22020,"template":"","meta":[],"product_brand":[],"product_cat":[109,125,127],"product_tag":[],"class_list":{"0":"post-21977","1":"product","2":"type-product","3":"status-publish","4":"has-post-thumbnail","6":"product_cat-ratsariided","7":"product_cat-ratsasargid-ja-pluusid","8":"product_cat-pikkade-varrukatega-ratsapluusid","10":"first","11":"instock","12":"taxable","13":"shipping-taxable","14":"purchasable","15":"product-type-variable"},"_links":{"self":[{"href":"https:\/\/www.allforhorses.ee\/ru\/wp-json\/wp\/v2\/product\/21977","targetHints":{"allow":["GET"]}}],"collection":[{"href":"https:\/\/www.allforhorses.ee\/ru\/wp-json\/wp\/v2\/product"}],"about":[{"href":"https:\/\/www.allforhorses.ee\/ru\/wp-json\/wp\/v2\/types\/product"}],"wp:featuredmedia":[{"embeddable":true,"href":"https:\/\/www.allforhorses.ee\/ru\/wp-json\/wp\/v2\/media\/22020"}],"wp:attachment":[{"href":"https:\/\/www.allforhorses.ee\/ru\/wp-json\/wp\/v2\/media?parent=21977"}],"wp:term":[{"taxonomy":"product_brand","embeddable":true,"href":"https:\/\/www.allforhorses.ee\/ru\/wp-json\/wp\/v2\/product_brand?post=21977"},{"taxonomy":"product_cat","embeddable":true,"href":"https:\/\/www.allforhorses.ee\/ru\/wp-json\/wp\/v2\/product_cat?post=21977"},{"taxonomy":"product_tag","embeddable":true,"href":"https:\/\/www.allforhorses.ee\/ru\/wp-json\/wp\/v2\/product_tag?post=21977"}],"curies":[{"name":"wp","href":"https:\/\/api.w.org\/{rel}","templated":true}]}}