{"id":21868,"date":"2023-03-10T19:25:49","date_gmt":"2023-03-10T19:25:49","guid":{"rendered":"https:\/\/www.allforhorses.ee\/?post_type=product&#038;p=21868"},"modified":"2023-03-10T19:35:55","modified_gmt":"2023-03-10T19:35:55","slug":"hkm-naiste-ratsapluus-basil","status":"publish","type":"product","link":"https:\/\/www.allforhorses.ee\/ru\/toode\/hkm-naiste-ratsapluus-basil\/","title":{"rendered":"HKM Naiste Ratsapluus &#171;Basil&#187;"},"content":{"rendered":"","protected":false},"excerpt":{"rendered":"<p><strong>HKM Naiste Ratsapluus &#171;Basil&#187;<\/strong> on hingav ja elastne.<br \/>\nMasinpestav 30 kraadiga. Ei sobi pesukuivatisse.<br \/>\nMaterjal:\u00a090% pol\u00fceester, 10% elastaan.<\/p>\n<p><em>Tarneaeg 10-14 t\u00f6\u00f6p\u00e4eva.<\/em><\/p>\n","protected":false},"featured_media":21872,"template":"","meta":[],"product_brand":[],"product_cat":[109,125,127],"product_tag":[],"class_list":{"0":"post-21868","1":"product","2":"type-product","3":"status-publish","4":"has-post-thumbnail","6":"product_cat-ratsariided","7":"product_cat-ratsasargid-ja-pluusid","8":"product_cat-pikkade-varrukatega-ratsapluusid","10":"first","11":"instock","12":"taxable","13":"shipping-taxable","14":"purchasable","15":"product-type-variable"},"_links":{"self":[{"href":"https:\/\/www.allforhorses.ee\/ru\/wp-json\/wp\/v2\/product\/21868","targetHints":{"allow":["GET"]}}],"collection":[{"href":"https:\/\/www.allforhorses.ee\/ru\/wp-json\/wp\/v2\/product"}],"about":[{"href":"https:\/\/www.allforhorses.ee\/ru\/wp-json\/wp\/v2\/types\/product"}],"wp:featuredmedia":[{"embeddable":true,"href":"https:\/\/www.allforhorses.ee\/ru\/wp-json\/wp\/v2\/media\/21872"}],"wp:attachment":[{"href":"https:\/\/www.allforhorses.ee\/ru\/wp-json\/wp\/v2\/media?parent=21868"}],"wp:term":[{"taxonomy":"product_brand","embeddable":true,"href":"https:\/\/www.allforhorses.ee\/ru\/wp-json\/wp\/v2\/product_brand?post=21868"},{"taxonomy":"product_cat","embeddable":true,"href":"https:\/\/www.allforhorses.ee\/ru\/wp-json\/wp\/v2\/product_cat?post=21868"},{"taxonomy":"product_tag","embeddable":true,"href":"https:\/\/www.allforhorses.ee\/ru\/wp-json\/wp\/v2\/product_tag?post=21868"}],"curies":[{"name":"wp","href":"https:\/\/api.w.org\/{rel}","templated":true}]}}