{"id":21815,"date":"2023-03-03T19:13:06","date_gmt":"2023-03-03T19:13:06","guid":{"rendered":"https:\/\/www.allforhorses.ee\/?post_type=product&#038;p=21815"},"modified":"2025-01-03T11:58:05","modified_gmt":"2025-01-03T11:58:05","slug":"hkm-jalutusnoor-turvakarabiiniga-beagle","status":"publish","type":"product","link":"https:\/\/www.allforhorses.ee\/ru\/toode\/hkm-jalutusnoor-turvakarabiiniga-beagle\/","title":{"rendered":"HKM Jalutusn\u00f6\u00f6r Turvakarabiiniga &#171;Beagle&#187;"},"content":{"rendered":"","protected":false},"excerpt":{"rendered":"<p><strong>HKM Jalutusn\u00f6\u00f6r\u00a0<\/strong><br \/>\nPikkus: ca. 1,80m.<br \/>\nMaterjal: 100% pol\u00fcpropeen.<\/p>\n<p><em>Tarne 14 t\u00f6\u00f6p\u00e4eva.<\/em><\/p>\n","protected":false},"featured_media":25212,"template":"","meta":[],"product_brand":[],"product_cat":[158,229,284],"product_tag":[],"class_list":{"0":"post-21815","1":"product","2":"type-product","3":"status-publish","4":"has-post-thumbnail","6":"product_cat-hobusele","7":"product_cat-paitsed-ja-jalutusnoorid","8":"product_cat-jalutusnoorid","10":"first","11":"instock","12":"taxable","13":"shipping-taxable","14":"purchasable","15":"product-type-simple"},"_links":{"self":[{"href":"https:\/\/www.allforhorses.ee\/ru\/wp-json\/wp\/v2\/product\/21815","targetHints":{"allow":["GET"]}}],"collection":[{"href":"https:\/\/www.allforhorses.ee\/ru\/wp-json\/wp\/v2\/product"}],"about":[{"href":"https:\/\/www.allforhorses.ee\/ru\/wp-json\/wp\/v2\/types\/product"}],"wp:featuredmedia":[{"embeddable":true,"href":"https:\/\/www.allforhorses.ee\/ru\/wp-json\/wp\/v2\/media\/25212"}],"wp:attachment":[{"href":"https:\/\/www.allforhorses.ee\/ru\/wp-json\/wp\/v2\/media?parent=21815"}],"wp:term":[{"taxonomy":"product_brand","embeddable":true,"href":"https:\/\/www.allforhorses.ee\/ru\/wp-json\/wp\/v2\/product_brand?post=21815"},{"taxonomy":"product_cat","embeddable":true,"href":"https:\/\/www.allforhorses.ee\/ru\/wp-json\/wp\/v2\/product_cat?post=21815"},{"taxonomy":"product_tag","embeddable":true,"href":"https:\/\/www.allforhorses.ee\/ru\/wp-json\/wp\/v2\/product_tag?post=21815"}],"curies":[{"name":"wp","href":"https:\/\/api.w.org\/{rel}","templated":true}]}}