{"id":21765,"date":"2023-03-01T20:03:34","date_gmt":"2023-03-01T20:03:34","guid":{"rendered":"https:\/\/www.allforhorses.ee\/?post_type=product&#038;p=21765"},"modified":"2026-03-26T08:57:10","modified_gmt":"2026-03-26T08:57:10","slug":"hkm-sadulapehmendus-kunstkarvast","status":"publish","type":"product","link":"https:\/\/www.allforhorses.ee\/ru\/toode\/hkm-sadulapehmendus-kunstkarvast\/","title":{"rendered":"HKM Sadulapehmendus Kunstkarvast"},"content":{"rendered":"","protected":false},"excerpt":{"rendered":"<p><strong>HKM Sadulapehmendus Kunstkarvaga<\/strong>\u00a0&#8212; pehmendab survepunkte hobuse seljal, l\u00f6\u00f6ki pehmendavad omadused. On kr\u00f5psudega kinnitused.<br \/>\nSadulapehmendus on n\u00e4eb v\u00e4lja nagu naturaalne lambakarv!<br \/>\nMasinpestav 30 kraadiga. Sobib pesukuivatisse(cold air!).<\/p>\n<p>Materjal:\u00a0100% pol\u00fceester.<\/p>\n<p>Suurus:\u00a0pikkus u 58cm.<\/p>\n<p>&nbsp;<\/p>\n","protected":false},"featured_media":21768,"template":"","meta":[],"product_brand":[],"product_cat":[158,176,183,186],"product_tag":[],"class_list":{"0":"post-21765","1":"product","2":"type-product","3":"status-publish","4":"has-post-thumbnail","6":"product_cat-hobusele","7":"product_cat-sadulad-ja-sadulakatted","8":"product_cat-sadulapehmendused","9":"product_cat-kunstkarvaga-sadulapehmendused","11":"first","12":"instock","13":"taxable","14":"shipping-taxable","15":"purchasable","16":"product-type-variable"},"_links":{"self":[{"href":"https:\/\/www.allforhorses.ee\/ru\/wp-json\/wp\/v2\/product\/21765","targetHints":{"allow":["GET"]}}],"collection":[{"href":"https:\/\/www.allforhorses.ee\/ru\/wp-json\/wp\/v2\/product"}],"about":[{"href":"https:\/\/www.allforhorses.ee\/ru\/wp-json\/wp\/v2\/types\/product"}],"wp:featuredmedia":[{"embeddable":true,"href":"https:\/\/www.allforhorses.ee\/ru\/wp-json\/wp\/v2\/media\/21768"}],"wp:attachment":[{"href":"https:\/\/www.allforhorses.ee\/ru\/wp-json\/wp\/v2\/media?parent=21765"}],"wp:term":[{"taxonomy":"product_brand","embeddable":true,"href":"https:\/\/www.allforhorses.ee\/ru\/wp-json\/wp\/v2\/product_brand?post=21765"},{"taxonomy":"product_cat","embeddable":true,"href":"https:\/\/www.allforhorses.ee\/ru\/wp-json\/wp\/v2\/product_cat?post=21765"},{"taxonomy":"product_tag","embeddable":true,"href":"https:\/\/www.allforhorses.ee\/ru\/wp-json\/wp\/v2\/product_tag?post=21765"}],"curies":[{"name":"wp","href":"https:\/\/api.w.org\/{rel}","templated":true}]}}