{"id":20665,"date":"2023-02-01T22:49:43","date_gmt":"2023-02-01T22:49:43","guid":{"rendered":"https:\/\/www.allforhorses.ee\/?post_type=product&#038;p=20665"},"modified":"2025-01-29T10:30:17","modified_gmt":"2025-01-29T10:30:17","slug":"hkm-helkuritega-jope-reflective","status":"publish","type":"product","link":"https:\/\/www.allforhorses.ee\/ru\/toode\/hkm-helkuritega-jope-reflective\/","title":{"rendered":"HKM Helkuritega Jope &#171;Reflective&#187;"},"content":{"rendered":"","protected":false},"excerpt":{"rendered":"<p><strong>HKM Helkuritega Ratsajope \u00a0<\/strong>&#8212;\u00a0on tuulekindel,\u00a0kerge soojendav vahevooder. 2 lukuga taskut, p\u00f5uetasku,\u00a0eemaldatav kapuuts.<br \/>\nMasinpestav 30-kraadi juures(delicate wash).<br \/>\nMaterjal: 100% pol\u00fceester.<br \/>\nEN17353-2020 \u2013 Type AB3 certified.<\/p>\n<p>Suurused: XS-XXL<\/p>\n<p><em>Tarne 14 t\u00f6\u00f6p\u00e4eva.<\/em><\/p>\n","protected":false},"featured_media":42683,"template":"","meta":[],"product_brand":[],"product_cat":[109,132],"product_tag":[],"class_list":{"0":"post-20665","1":"product","2":"type-product","3":"status-publish","4":"has-post-thumbnail","6":"product_cat-ratsariided","7":"product_cat-helkurvarustus","9":"first","10":"instock","11":"taxable","12":"shipping-taxable","13":"purchasable","14":"product-type-variable"},"_links":{"self":[{"href":"https:\/\/www.allforhorses.ee\/ru\/wp-json\/wp\/v2\/product\/20665","targetHints":{"allow":["GET"]}}],"collection":[{"href":"https:\/\/www.allforhorses.ee\/ru\/wp-json\/wp\/v2\/product"}],"about":[{"href":"https:\/\/www.allforhorses.ee\/ru\/wp-json\/wp\/v2\/types\/product"}],"wp:featuredmedia":[{"embeddable":true,"href":"https:\/\/www.allforhorses.ee\/ru\/wp-json\/wp\/v2\/media\/42683"}],"wp:attachment":[{"href":"https:\/\/www.allforhorses.ee\/ru\/wp-json\/wp\/v2\/media?parent=20665"}],"wp:term":[{"taxonomy":"product_brand","embeddable":true,"href":"https:\/\/www.allforhorses.ee\/ru\/wp-json\/wp\/v2\/product_brand?post=20665"},{"taxonomy":"product_cat","embeddable":true,"href":"https:\/\/www.allforhorses.ee\/ru\/wp-json\/wp\/v2\/product_cat?post=20665"},{"taxonomy":"product_tag","embeddable":true,"href":"https:\/\/www.allforhorses.ee\/ru\/wp-json\/wp\/v2\/product_tag?post=20665"}],"curies":[{"name":"wp","href":"https:\/\/api.w.org\/{rel}","templated":true}]}}