{"id":19763,"date":"2023-01-07T22:39:18","date_gmt":"2023-01-07T22:39:18","guid":{"rendered":"https:\/\/www.allforhorses.ee\/?post_type=product&#038;p=19763"},"modified":"2023-01-07T22:43:24","modified_gmt":"2023-01-07T22:43:24","slug":"ako-elektrikarjus-savanne-2000","status":"publish","type":"product","link":"https:\/\/www.allforhorses.ee\/ru\/toode\/ako-elektrikarjus-savanne-2000\/","title":{"rendered":"AKO Elektrikarjus &#171;Savanne 2000&#187;"},"content":{"rendered":"","protected":false},"excerpt":{"rendered":"<p><strong>AKO Elektrikarjus &#171;<\/strong>Savanne 2000<strong>&#187; koos metallkarbiga<\/strong><\/p>\n<div class=\"productMain\">\n<div class=\"smlMain\">\n<p>\u2022 12 volt device with high output power for normal fence systems, even with stronger growth<br \/>\nFence control LED and separate battery warning display<br \/>\n\u2022 Device including galvanized metal box<br \/>\n\u2022 Inner dimension of the box, approx. 295 x 200 x 250 mm suitable for batteries up to max. 100 Ah<br \/>\n\u2022 Optimized power consumption through power saving circuit<br \/>\n\u2022 Battery and fence control display<br \/>\n\u2022 Solar operation possible<br \/>\n\u2022 with on\/off switch!<br \/>\n\u2022 12 volt deep discharge protection<\/p>\n<\/div>\n<\/div>\n<p><em>Elektrikarjus \u00a0on ainult ettetellimisel(tarne 14 t\u00f6\u00f6p\u00e4eva).<\/em><\/p>\n","protected":false},"featured_media":19764,"template":"","meta":[],"product_brand":[],"product_cat":[145,153],"product_tag":[],"class_list":{"0":"post-19763","1":"product","2":"type-product","3":"status-publish","4":"has-post-thumbnail","6":"product_cat-talli","7":"product_cat-elektrikarjuse-lindid-ja-tarvikud","9":"first","10":"instock","11":"taxable","12":"shipping-taxable","13":"purchasable","14":"product-type-simple"},"_links":{"self":[{"href":"https:\/\/www.allforhorses.ee\/ru\/wp-json\/wp\/v2\/product\/19763","targetHints":{"allow":["GET"]}}],"collection":[{"href":"https:\/\/www.allforhorses.ee\/ru\/wp-json\/wp\/v2\/product"}],"about":[{"href":"https:\/\/www.allforhorses.ee\/ru\/wp-json\/wp\/v2\/types\/product"}],"wp:featuredmedia":[{"embeddable":true,"href":"https:\/\/www.allforhorses.ee\/ru\/wp-json\/wp\/v2\/media\/19764"}],"wp:attachment":[{"href":"https:\/\/www.allforhorses.ee\/ru\/wp-json\/wp\/v2\/media?parent=19763"}],"wp:term":[{"taxonomy":"product_brand","embeddable":true,"href":"https:\/\/www.allforhorses.ee\/ru\/wp-json\/wp\/v2\/product_brand?post=19763"},{"taxonomy":"product_cat","embeddable":true,"href":"https:\/\/www.allforhorses.ee\/ru\/wp-json\/wp\/v2\/product_cat?post=19763"},{"taxonomy":"product_tag","embeddable":true,"href":"https:\/\/www.allforhorses.ee\/ru\/wp-json\/wp\/v2\/product_tag?post=19763"}],"curies":[{"name":"wp","href":"https:\/\/api.w.org\/{rel}","templated":true}]}}