{"id":19758,"date":"2023-01-07T22:33:57","date_gmt":"2023-01-07T22:33:57","guid":{"rendered":"https:\/\/www.allforhorses.ee\/?post_type=product&#038;p=19758"},"modified":"2023-01-07T22:37:17","modified_gmt":"2023-01-07T22:37:17","slug":"ako-elektrikarjus-power-profi-ndi-10000-digital-230v","status":"publish","type":"product","link":"https:\/\/www.allforhorses.ee\/ru\/toode\/ako-elektrikarjus-power-profi-ndi-10000-digital-230v\/","title":{"rendered":"AKO Elektrikarjus &#171;Power Profi NDi 10000 digital 230V &#171;"},"content":{"rendered":"","protected":false},"excerpt":{"rendered":"<p><strong>AKO Elektrikarjus &#171;Power Profi NDi 10000 digital 230V&#187;<\/strong><\/p>\n<div class=\"productMain\">\n<div class=\"smlMain\">\n<p>\u2022 <strong>Extremely powerful power<\/strong> supply with intelligent power adjustment<br \/>\n\u2022 for robust animal species such as cattle, sheep, horses and for boar defence; for very long fences with stronger growth<br \/>\nDigital display display for fence and earth voltage and power consumption<br \/>\nThe intelligent 230 volt power supply line from AKO &#8212; extremely powerful, for very robust animals and for very long fences also with vegetation!<br \/>\n\u2022 AKO NDi devices automatically adapt to the fence condition and thus ensure the best protection and facilitate work by desertifying the fouling to a certain extent<br \/>\n\u2022 Time-delayed adjustment of impact strength increases safety for humans and animals during fence contact<br \/>\n\u2022 Alarm function permanently monitors the fence, triggers alarm when in continuous contact and slows the pulse sequence<\/p>\n<\/div>\n<\/div>\n<p><em>Elektrikarjus \u00a0on ainult ettetellimisel(tarne 14 t\u00f6\u00f6p\u00e4eva).<\/em><\/p>\n","protected":false},"featured_media":19759,"template":"","meta":[],"product_brand":[],"product_cat":[145,153],"product_tag":[],"class_list":{"0":"post-19758","1":"product","2":"type-product","3":"status-publish","4":"has-post-thumbnail","6":"product_cat-talli","7":"product_cat-elektrikarjuse-lindid-ja-tarvikud","9":"first","10":"instock","11":"taxable","12":"shipping-taxable","13":"purchasable","14":"product-type-simple"},"_links":{"self":[{"href":"https:\/\/www.allforhorses.ee\/ru\/wp-json\/wp\/v2\/product\/19758","targetHints":{"allow":["GET"]}}],"collection":[{"href":"https:\/\/www.allforhorses.ee\/ru\/wp-json\/wp\/v2\/product"}],"about":[{"href":"https:\/\/www.allforhorses.ee\/ru\/wp-json\/wp\/v2\/types\/product"}],"wp:featuredmedia":[{"embeddable":true,"href":"https:\/\/www.allforhorses.ee\/ru\/wp-json\/wp\/v2\/media\/19759"}],"wp:attachment":[{"href":"https:\/\/www.allforhorses.ee\/ru\/wp-json\/wp\/v2\/media?parent=19758"}],"wp:term":[{"taxonomy":"product_brand","embeddable":true,"href":"https:\/\/www.allforhorses.ee\/ru\/wp-json\/wp\/v2\/product_brand?post=19758"},{"taxonomy":"product_cat","embeddable":true,"href":"https:\/\/www.allforhorses.ee\/ru\/wp-json\/wp\/v2\/product_cat?post=19758"},{"taxonomy":"product_tag","embeddable":true,"href":"https:\/\/www.allforhorses.ee\/ru\/wp-json\/wp\/v2\/product_tag?post=19758"}],"curies":[{"name":"wp","href":"https:\/\/api.w.org\/{rel}","templated":true}]}}