{"id":19755,"date":"2023-01-07T22:29:35","date_gmt":"2023-01-07T22:29:35","guid":{"rendered":"https:\/\/www.allforhorses.ee\/?post_type=product&#038;p=19755"},"modified":"2023-01-07T22:33:03","modified_gmt":"2023-01-07T22:33:03","slug":"ako-elektrikarjus-power-n-3500-230v","status":"publish","type":"product","link":"https:\/\/www.allforhorses.ee\/ru\/toode\/ako-elektrikarjus-power-n-3500-230v\/","title":{"rendered":"AKO Elektrikarjus &#171;Power N 3500 230V&#187;"},"content":{"rendered":"","protected":false},"excerpt":{"rendered":"<p><strong>AKO Elektrikarjus &#171;Power N 3500 230V&#187;<\/strong><\/p>\n<div class=\"productMain\">\n<div class=\"smlMain\"><\/div>\n<\/div>\n<div class=\"productMain\">\n<div class=\"smlMain\">\n<p>\u2022 <strong>Very powerful<\/strong> 230 Volt all-round power supply<br \/>\n\u2022 usable from light to medium growth<br \/>\n\u2022 universally usable for standard fences<br \/>\n\u2022 Ideal for horses, cows, sheep, goats, chickens<br \/>\nCombined fence voltage and ground control LED<br \/>\nOur all-round devices for demanding use<br \/>\n\u2022 usable from light to strong vegetation<\/p>\n<\/div>\n<\/div>\n<p><em>Elektrikarjus \u00a0on ainult ettetellimisel(tarne 14 t\u00f6\u00f6p\u00e4eva).<\/em><\/p>\n","protected":false},"featured_media":19756,"template":"","meta":[],"product_brand":[],"product_cat":[145,153],"product_tag":[],"class_list":{"0":"post-19755","1":"product","2":"type-product","3":"status-publish","4":"has-post-thumbnail","6":"product_cat-talli","7":"product_cat-elektrikarjuse-lindid-ja-tarvikud","9":"first","10":"instock","11":"taxable","12":"shipping-taxable","13":"purchasable","14":"product-type-simple"},"_links":{"self":[{"href":"https:\/\/www.allforhorses.ee\/ru\/wp-json\/wp\/v2\/product\/19755","targetHints":{"allow":["GET"]}}],"collection":[{"href":"https:\/\/www.allforhorses.ee\/ru\/wp-json\/wp\/v2\/product"}],"about":[{"href":"https:\/\/www.allforhorses.ee\/ru\/wp-json\/wp\/v2\/types\/product"}],"wp:featuredmedia":[{"embeddable":true,"href":"https:\/\/www.allforhorses.ee\/ru\/wp-json\/wp\/v2\/media\/19756"}],"wp:attachment":[{"href":"https:\/\/www.allforhorses.ee\/ru\/wp-json\/wp\/v2\/media?parent=19755"}],"wp:term":[{"taxonomy":"product_brand","embeddable":true,"href":"https:\/\/www.allforhorses.ee\/ru\/wp-json\/wp\/v2\/product_brand?post=19755"},{"taxonomy":"product_cat","embeddable":true,"href":"https:\/\/www.allforhorses.ee\/ru\/wp-json\/wp\/v2\/product_cat?post=19755"},{"taxonomy":"product_tag","embeddable":true,"href":"https:\/\/www.allforhorses.ee\/ru\/wp-json\/wp\/v2\/product_tag?post=19755"}],"curies":[{"name":"wp","href":"https:\/\/api.w.org\/{rel}","templated":true}]}}