{"id":19646,"date":"2022-12-21T21:41:47","date_gmt":"2022-12-21T21:41:47","guid":{"rendered":"https:\/\/www.allforhorses.ee\/?post_type=product&#038;p=19646"},"modified":"2025-02-28T13:40:06","modified_gmt":"2025-02-28T13:40:06","slug":"hkm-talvised-ratsakindad-frosty-thinsulate-filling","status":"publish","type":"product","link":"https:\/\/www.allforhorses.ee\/ru\/toode\/hkm-talvised-ratsakindad-frosty-thinsulate-filling\/","title":{"rendered":"HKM Talvised Ratsakindad &#171;Frosty Thinsulate filling&#187;"},"content":{"rendered":"","protected":false},"excerpt":{"rendered":"<p><strong>HKM Talvised Ratsakindad &#171;Frosty Thinsulate filling&#187; <\/strong>\u00a0on v\u00e4ga soojad ja veekindlad. Mittelibisevad, touchscreen funktsiooniga,\u00a0mis v\u00f5imaldab kasutada nutiseadmeid.<br \/>\nMasinpestavad 30 kraadise veeprogrammiga.<br \/>\nMaterjal: 96% polyester, 4% elastane; lining: 100% polyester.<\/p>\n<p><em>Tarne 10-14 t\u00f6\u00f6p\u00e4eva. LAOS XL.<\/em><\/p>\n<p>&nbsp;<\/p>\n","protected":false},"featured_media":19654,"template":"","meta":[],"product_brand":[],"product_cat":[109,128,130],"product_tag":[],"class_list":{"0":"post-19646","1":"product","2":"type-product","3":"status-publish","4":"has-post-thumbnail","6":"product_cat-ratsariided","7":"product_cat-ratsakindad","8":"product_cat-soojad-ratsakindad","10":"first","11":"instock","12":"taxable","13":"shipping-taxable","14":"purchasable","15":"product-type-variable"},"_links":{"self":[{"href":"https:\/\/www.allforhorses.ee\/ru\/wp-json\/wp\/v2\/product\/19646","targetHints":{"allow":["GET"]}}],"collection":[{"href":"https:\/\/www.allforhorses.ee\/ru\/wp-json\/wp\/v2\/product"}],"about":[{"href":"https:\/\/www.allforhorses.ee\/ru\/wp-json\/wp\/v2\/types\/product"}],"wp:featuredmedia":[{"embeddable":true,"href":"https:\/\/www.allforhorses.ee\/ru\/wp-json\/wp\/v2\/media\/19654"}],"wp:attachment":[{"href":"https:\/\/www.allforhorses.ee\/ru\/wp-json\/wp\/v2\/media?parent=19646"}],"wp:term":[{"taxonomy":"product_brand","embeddable":true,"href":"https:\/\/www.allforhorses.ee\/ru\/wp-json\/wp\/v2\/product_brand?post=19646"},{"taxonomy":"product_cat","embeddable":true,"href":"https:\/\/www.allforhorses.ee\/ru\/wp-json\/wp\/v2\/product_cat?post=19646"},{"taxonomy":"product_tag","embeddable":true,"href":"https:\/\/www.allforhorses.ee\/ru\/wp-json\/wp\/v2\/product_tag?post=19646"}],"curies":[{"name":"wp","href":"https:\/\/api.w.org\/{rel}","templated":true}]}}