{"id":19640,"date":"2022-12-21T21:36:42","date_gmt":"2022-12-21T21:36:42","guid":{"rendered":"https:\/\/www.allforhorses.ee\/?post_type=product&#038;p=19640"},"modified":"2026-01-09T13:29:09","modified_gmt":"2026-01-09T13:29:09","slug":"hkm-talvised-ratsakindad-north-ice-men","status":"publish","type":"product","link":"https:\/\/www.allforhorses.ee\/ru\/toode\/hkm-talvised-ratsakindad-north-ice-men\/","title":{"rendered":"HKM Meeste Talvised Ratsakindad &#171;North Ice Men&#187;"},"content":{"rendered":"","protected":false},"excerpt":{"rendered":"<p><strong>HKM Talvised Ratsakindad &#171;North Ice Men&#187;<\/strong>\u00a0on \u00a0soojad ja veekindlad. Mittelibisevad, touchscreen funktsiooniga,\u00a0mis v\u00f5imaldab kasutada nutiseadmeid.<br \/>\nMasinpestavad 30 kraadise veeprogrammiga.<br \/>\nMaterjal: 92% polyester, 8% elastane; lining: 100% polyester.<\/p>\n<p><em>Tarne 10-14 t\u00f6\u00f6p\u00e4eva.<\/em><br \/>\n<em>LAOS suurused L.<\/em><\/p>\n<p>&nbsp;<\/p>\n","protected":false},"featured_media":18739,"template":"","meta":[],"product_brand":[],"product_cat":[735,109,128,130],"product_tag":[],"class_list":{"0":"post-19640","1":"product","2":"type-product","3":"status-publish","4":"has-post-thumbnail","6":"product_cat-allahindlus","7":"product_cat-ratsariided","8":"product_cat-ratsakindad","9":"product_cat-soojad-ratsakindad","11":"first","12":"instock","13":"sale","14":"taxable","15":"shipping-taxable","16":"purchasable","17":"product-type-variable"},"_links":{"self":[{"href":"https:\/\/www.allforhorses.ee\/ru\/wp-json\/wp\/v2\/product\/19640","targetHints":{"allow":["GET"]}}],"collection":[{"href":"https:\/\/www.allforhorses.ee\/ru\/wp-json\/wp\/v2\/product"}],"about":[{"href":"https:\/\/www.allforhorses.ee\/ru\/wp-json\/wp\/v2\/types\/product"}],"wp:featuredmedia":[{"embeddable":true,"href":"https:\/\/www.allforhorses.ee\/ru\/wp-json\/wp\/v2\/media\/18739"}],"wp:attachment":[{"href":"https:\/\/www.allforhorses.ee\/ru\/wp-json\/wp\/v2\/media?parent=19640"}],"wp:term":[{"taxonomy":"product_brand","embeddable":true,"href":"https:\/\/www.allforhorses.ee\/ru\/wp-json\/wp\/v2\/product_brand?post=19640"},{"taxonomy":"product_cat","embeddable":true,"href":"https:\/\/www.allforhorses.ee\/ru\/wp-json\/wp\/v2\/product_cat?post=19640"},{"taxonomy":"product_tag","embeddable":true,"href":"https:\/\/www.allforhorses.ee\/ru\/wp-json\/wp\/v2\/product_tag?post=19640"}],"curies":[{"name":"wp","href":"https:\/\/api.w.org\/{rel}","templated":true}]}}