{"id":19572,"date":"2022-12-06T22:04:44","date_gmt":"2022-12-06T22:04:44","guid":{"rendered":"https:\/\/www.allforhorses.ee\/?post_type=product&#038;p=19572"},"modified":"2026-02-12T12:19:38","modified_gmt":"2026-02-12T12:19:38","slug":"synbiovit-900gr","status":"publish","type":"product","link":"https:\/\/www.allforhorses.ee\/ru\/toode\/synbiovit-900gr\/","title":{"rendered":"SynBioVit 900gr"},"content":{"rendered":"<div class=\"wpb-content-wrapper\"><p>[vc_row][vc_column][vc_column_text]<\/p>\n<p>Koostis: Frukto-oligosahhariidid, mannan-oligosahhariidid, kaltsiumkarbonaat, mais, dekstroos, inaktiveeritud p\u00e4rm.[\/vc_column_text][\/vc_column][\/vc_row]<\/p>\n<\/div>","protected":false},"excerpt":{"rendered":"<p><strong>SynBioVit<\/strong> on t\u00e4iends\u00f6\u00f6t hobustele, mis sisaldab pagarip\u00e4rmi <em>Saccharomyces cerevisiae<\/em>, prebiootikume ja B-vitamiine. <em>Saccharomyces cerevisiae<\/em> suurendab toitainete seedumist, suurendades kiudaineid omastava bakteri aktiivsust seedekulgla l\u00f5pposas, mille tulemusena suureneb kiudainete seeduvus kores\u00f6\u00f6dast ja seel\u00e4bi muutub t\u00f5husamaks vitamiinide ja mineraalide omastamine s\u00f6\u00f6dast.<\/p>\n<p>Prebiootikumid toimivad toidu substraadina kasulikele mikroobide populatsioonile seedekulgla tagaosas.<\/p>\n<p>B-vitamiinid on p\u00f5hilised toitained, mis osalevad ainevahetuses ja energia vabastamises. Kui hobused kannatavad soolestikuh\u00e4irete k\u00e4es, v\u00f5ib v\u00e4hene bakterite hulk seedekulgla tagaosas m\u00f5jutada hobuste v\u00f5imet s\u00fcnteesida B-vitamiine. SynBioViti kasutatakse t\u00e4iends\u00f6\u00f6dana:<\/p>\n<p>-Stressirohketes olukordades: reisimine, v\u00f5istlemine, haigused<\/p>\n<p>-P\u00e4rast antibiootikumi ravi kui seedekulgla tagaosa bakterite hulk on v\u00e4henenud<\/p>\n<p>-Kehv soolestiku tervis: hobused, kellel on k\u00f5hulahtisus v\u00f5i parasiitnakkus<\/p>\n<p>-Noorhobused, kelle baketripopulatsioon pole veel t\u00e4ielikult v\u00e4ljaarenenud<\/p>\n<p>KASUTAMISE JUHIS<br \/>\nK\u00f5ik hobused: 20 g p\u00e4evas.<br \/>\nSeede- ja soolestikufunktsioonide tervise s\u00e4ilitamiseks 10 g p\u00e4evas.<br \/>\n1 m\u00f5\u00f5telusikas=10g<\/p>\n","protected":false},"featured_media":19573,"template":"","meta":[],"product_brand":[],"product_cat":[757,158],"product_tag":[],"class_list":{"0":"post-19572","1":"product","2":"type-product","3":"status-publish","4":"has-post-thumbnail","6":"product_cat-hobuste-tervisehoid-2","7":"product_cat-hobusele","9":"first","10":"instock","11":"taxable","12":"shipping-taxable","13":"purchasable","14":"product-type-simple"},"_links":{"self":[{"href":"https:\/\/www.allforhorses.ee\/ru\/wp-json\/wp\/v2\/product\/19572","targetHints":{"allow":["GET"]}}],"collection":[{"href":"https:\/\/www.allforhorses.ee\/ru\/wp-json\/wp\/v2\/product"}],"about":[{"href":"https:\/\/www.allforhorses.ee\/ru\/wp-json\/wp\/v2\/types\/product"}],"wp:featuredmedia":[{"embeddable":true,"href":"https:\/\/www.allforhorses.ee\/ru\/wp-json\/wp\/v2\/media\/19573"}],"wp:attachment":[{"href":"https:\/\/www.allforhorses.ee\/ru\/wp-json\/wp\/v2\/media?parent=19572"}],"wp:term":[{"taxonomy":"product_brand","embeddable":true,"href":"https:\/\/www.allforhorses.ee\/ru\/wp-json\/wp\/v2\/product_brand?post=19572"},{"taxonomy":"product_cat","embeddable":true,"href":"https:\/\/www.allforhorses.ee\/ru\/wp-json\/wp\/v2\/product_cat?post=19572"},{"taxonomy":"product_tag","embeddable":true,"href":"https:\/\/www.allforhorses.ee\/ru\/wp-json\/wp\/v2\/product_tag?post=19572"}],"curies":[{"name":"wp","href":"https:\/\/api.w.org\/{rel}","templated":true}]}}