{"id":19484,"date":"2022-11-25T09:07:31","date_gmt":"2022-11-25T09:07:31","guid":{"rendered":"https:\/\/www.allforhorses.ee\/?post_type=product&#038;p=19484"},"modified":"2025-11-01T13:44:19","modified_gmt":"2025-11-01T13:44:19","slug":"hkm-softshell-ratsapuksid-elegance-style","status":"publish","type":"product","link":"https:\/\/www.allforhorses.ee\/ru\/toode\/hkm-softshell-ratsapuksid-elegance-style\/","title":{"rendered":"HKM Softshell Ratsap\u00fcksid &#171;Elegance Style&#187;"},"content":{"rendered":"","protected":false},"excerpt":{"rendered":"<p><strong>HKM Softshell Ratsap\u00fcksid &#171;Elegance Style&#187;<\/strong> on h\u00e4sti soojahoidvad(sees karvastega fliisvooder), tuule- ja vihmakindel. P\u00fcksid on silikoonist p\u00f5lvegrippidega. P\u00fckstel on elastsed s\u00e4\u00e4re allosad, esik\u00fcljel 2 tasku.<br \/>\nMasinpestav 30-kraadi juures.<br \/>\nMaterjal: 91% pol\u00fceester, 9% elastane.<\/p>\n<p><em><strong>LAOS<\/strong> suurused 36, 38.<\/em><\/p>\n<p>&nbsp;<\/p>\n","protected":false},"featured_media":19495,"template":"","meta":[],"product_brand":[],"product_cat":[109,735,114,690,115,117],"product_tag":[],"class_list":{"0":"post-19484","1":"product","2":"type-product","3":"status-publish","4":"has-post-thumbnail","6":"product_cat-ratsariided","7":"product_cat-allahindlus","8":"product_cat-ratsapuksid","9":"product_cat-soojad-ratsapuksid","10":"product_cat-naiste-ratsapuksid","11":"product_cat-laste-ratsapuksid","13":"first","14":"instock","15":"sale","16":"taxable","17":"shipping-taxable","18":"purchasable","19":"product-type-variable"},"_links":{"self":[{"href":"https:\/\/www.allforhorses.ee\/ru\/wp-json\/wp\/v2\/product\/19484","targetHints":{"allow":["GET"]}}],"collection":[{"href":"https:\/\/www.allforhorses.ee\/ru\/wp-json\/wp\/v2\/product"}],"about":[{"href":"https:\/\/www.allforhorses.ee\/ru\/wp-json\/wp\/v2\/types\/product"}],"wp:featuredmedia":[{"embeddable":true,"href":"https:\/\/www.allforhorses.ee\/ru\/wp-json\/wp\/v2\/media\/19495"}],"wp:attachment":[{"href":"https:\/\/www.allforhorses.ee\/ru\/wp-json\/wp\/v2\/media?parent=19484"}],"wp:term":[{"taxonomy":"product_brand","embeddable":true,"href":"https:\/\/www.allforhorses.ee\/ru\/wp-json\/wp\/v2\/product_brand?post=19484"},{"taxonomy":"product_cat","embeddable":true,"href":"https:\/\/www.allforhorses.ee\/ru\/wp-json\/wp\/v2\/product_cat?post=19484"},{"taxonomy":"product_tag","embeddable":true,"href":"https:\/\/www.allforhorses.ee\/ru\/wp-json\/wp\/v2\/product_tag?post=19484"}],"curies":[{"name":"wp","href":"https:\/\/api.w.org\/{rel}","templated":true}]}}