{"id":19419,"date":"2022-11-24T13:23:05","date_gmt":"2022-11-24T13:23:05","guid":{"rendered":"https:\/\/www.allforhorses.ee\/?post_type=product&#038;p=19419"},"modified":"2025-11-01T13:40:33","modified_gmt":"2025-11-01T13:40:33","slug":"hkm-soojad-taisgrippidega-ratsapuksid-winner","status":"publish","type":"product","link":"https:\/\/www.allforhorses.ee\/ru\/toode\/hkm-soojad-taisgrippidega-ratsapuksid-winner\/","title":{"rendered":"HKM Soojad T\u00e4isgrippidega Ratsap\u00fcksid &#171;Winner&#187;"},"content":{"rendered":"","protected":false},"excerpt":{"rendered":"<p><strong>HKM Soojad T\u00e4isgrippidega Ratsap\u00fcksid &#171;Winner&#187; <\/strong>on hingavad ja mugavad. Sooja polar-fliisist sisevoodriga, ideaalsed talveks, alt takjakinnitustega.\u00a0Ratsap\u00fcksid hoiavad jalad soojas ka vihma ning tuule eest.<br \/>\n87% polyester, 13% polyurethane.<br \/>\nMasinpestav sarnaste toonidega 30 kraadiga. Sobib kuivatisse.<br \/>\nV\u00e4rv: must.<\/p>\n<p><em>Tarneaeg 10-14 t\u00f6\u00f6p\u00e4eva.<br \/>\nLAOS suurused 36, 38\u00a0<\/em><\/p>\n","protected":false},"featured_media":19444,"template":"","meta":[],"product_brand":[],"product_cat":[109,114,690,115,117],"product_tag":[],"class_list":{"0":"post-19419","1":"product","2":"type-product","3":"status-publish","4":"has-post-thumbnail","6":"product_cat-ratsariided","7":"product_cat-ratsapuksid","8":"product_cat-soojad-ratsapuksid","9":"product_cat-naiste-ratsapuksid","10":"product_cat-laste-ratsapuksid","12":"first","13":"instock","14":"taxable","15":"shipping-taxable","16":"purchasable","17":"product-type-variable"},"_links":{"self":[{"href":"https:\/\/www.allforhorses.ee\/ru\/wp-json\/wp\/v2\/product\/19419","targetHints":{"allow":["GET"]}}],"collection":[{"href":"https:\/\/www.allforhorses.ee\/ru\/wp-json\/wp\/v2\/product"}],"about":[{"href":"https:\/\/www.allforhorses.ee\/ru\/wp-json\/wp\/v2\/types\/product"}],"wp:featuredmedia":[{"embeddable":true,"href":"https:\/\/www.allforhorses.ee\/ru\/wp-json\/wp\/v2\/media\/19444"}],"wp:attachment":[{"href":"https:\/\/www.allforhorses.ee\/ru\/wp-json\/wp\/v2\/media?parent=19419"}],"wp:term":[{"taxonomy":"product_brand","embeddable":true,"href":"https:\/\/www.allforhorses.ee\/ru\/wp-json\/wp\/v2\/product_brand?post=19419"},{"taxonomy":"product_cat","embeddable":true,"href":"https:\/\/www.allforhorses.ee\/ru\/wp-json\/wp\/v2\/product_cat?post=19419"},{"taxonomy":"product_tag","embeddable":true,"href":"https:\/\/www.allforhorses.ee\/ru\/wp-json\/wp\/v2\/product_tag?post=19419"}],"curies":[{"name":"wp","href":"https:\/\/api.w.org\/{rel}","templated":true}]}}