{"id":19381,"date":"2022-11-24T12:26:31","date_gmt":"2022-11-24T12:26:31","guid":{"rendered":"https:\/\/www.allforhorses.ee\/?post_type=product&#038;p=19381"},"modified":"2026-03-26T09:11:27","modified_gmt":"2026-03-26T09:11:27","slug":"hkm-stopperitega-ratsmed","status":"publish","type":"product","link":"https:\/\/www.allforhorses.ee\/ru\/toode\/hkm-stopperitega-ratsmed\/","title":{"rendered":"HKM Stopperitega Ratsmed"},"content":{"rendered":"","protected":false},"excerpt":{"rendered":"<p><strong>HKM Stopperitega Ratsmed <\/strong>&#8212; kvaliteetne nahk.<\/p>\n<p>V\u00e4rv: must.<br \/>\nSuurus: Full.<\/p>\n<p><em>Tarne u 14 t\u00f6\u00f6p\u00e4eva.<\/em><\/p>\n<p>&nbsp;<\/p>\n<p>&nbsp;<\/p>\n","protected":false},"featured_media":19382,"template":"","meta":[],"product_brand":[],"product_cat":[158,212,218,219,220],"product_tag":[],"class_list":{"0":"post-19381","1":"product","2":"type-product","3":"status-publish","4":"has-post-thumbnail","6":"product_cat-hobusele","7":"product_cat-valjad-ja-tarvikud","8":"product_cat-ratsmed","9":"product_cat-nahast-ratsmed","10":"product_cat-nailonratsmed","12":"first","13":"instock","14":"taxable","15":"shipping-taxable","16":"purchasable","17":"product-type-simple"},"_links":{"self":[{"href":"https:\/\/www.allforhorses.ee\/ru\/wp-json\/wp\/v2\/product\/19381","targetHints":{"allow":["GET"]}}],"collection":[{"href":"https:\/\/www.allforhorses.ee\/ru\/wp-json\/wp\/v2\/product"}],"about":[{"href":"https:\/\/www.allforhorses.ee\/ru\/wp-json\/wp\/v2\/types\/product"}],"wp:featuredmedia":[{"embeddable":true,"href":"https:\/\/www.allforhorses.ee\/ru\/wp-json\/wp\/v2\/media\/19382"}],"wp:attachment":[{"href":"https:\/\/www.allforhorses.ee\/ru\/wp-json\/wp\/v2\/media?parent=19381"}],"wp:term":[{"taxonomy":"product_brand","embeddable":true,"href":"https:\/\/www.allforhorses.ee\/ru\/wp-json\/wp\/v2\/product_brand?post=19381"},{"taxonomy":"product_cat","embeddable":true,"href":"https:\/\/www.allforhorses.ee\/ru\/wp-json\/wp\/v2\/product_cat?post=19381"},{"taxonomy":"product_tag","embeddable":true,"href":"https:\/\/www.allforhorses.ee\/ru\/wp-json\/wp\/v2\/product_tag?post=19381"}],"curies":[{"name":"wp","href":"https:\/\/api.w.org\/{rel}","templated":true}]}}