{"id":19375,"date":"2022-11-24T12:14:28","date_gmt":"2022-11-24T12:14:28","guid":{"rendered":"https:\/\/www.allforhorses.ee\/?post_type=product&#038;p=19375"},"modified":"2026-01-12T18:27:45","modified_gmt":"2026-01-12T18:27:45","slug":"cavalor-hobuse-taissoot-strucobeet-mash15-kg","status":"publish","type":"product","link":"https:\/\/www.allforhorses.ee\/ru\/toode\/cavalor-hobuse-taissoot-strucobeet-mash15-kg\/","title":{"rendered":"Cavalor Hobuse T\u00e4iss\u00f6\u00f6t StrucoBeet Mash(15 kg)"},"content":{"rendered":"<div class=\"wpb-content-wrapper\"><p>[vc_row][vc_column][vc_column_text css=&#187;&#187; css_params=&#187;&#187;]<em>Koostis:<\/em> Peedi viljaliha helbed (30%) \/ Lutserni pellet \/ Linaseemned \/ Nisukliid\/ Paisutatud oder \/ Peedimelass \/ Timothy \/ Paisutatud mais \/ Hernehelbed \/ Porgand, kuivatatud \/ Kaltsiumkarbonaat \/ Maitsetaimed \/ Soja\u00f5li \/ Naatriumkloriid \/ Porrulauk, kuivatatud \/ Kuivatatud siguri viljaliha \/ Hobuse oahelbed \/ Lutserni varred \/ Frukto-oligosahhariidid.<br \/>\n<em>Toitev\u00e4\u00e4rtuse lisandid:<\/em> 15 000&nbsp; I.U. 3a672a vitamiin A \/ 1500 I.U. 3a671 vitamiin D3 \/ 200 mg 3a700 vitamiin E \/ 3 mg 3a821 vitamiin B1 \/ 3 mg 3a825i vitamiin B2 \/ 0,1 mg 3a880 biotiin \/ 90 mg 3a890 koliinkloriid \/ 40 mg 3b103 raud \/ 0.2 mg 3b202 jood \/ 0.1 mg 3b304 koobalt \/ 40 mg 3b405 vask \/ 100 mg 3b503 mangaan&nbsp; \/ 100mg tsink (3b605) \/ 0.4 mg seleen (3b801)<br \/>\n<em>Anal\u00fc\u00fctiline koostis:<\/em><\/p>\n<p style=\"font-weight: 400;\">EWpa\/kg &#8212; 0,8<\/p>\n<p style=\"font-weight: 400;\">VREp g\/kg \u2013 78<\/p>\n<p style=\"font-weight: 400;\">Toorvalk \u2013 13.0 % \/ Toorrasv \u2013 7.5 % \/ Toortuhk \u2013 8.5 % \/ Toorkiud \u2013 13 % \/ Kaltsium \u2013 1,20 % \/<\/p>\n<p style=\"font-weight: 400;\">Magneesium \u2013 0,20 % \/ Fosfor \u2013 0.40 % \/ Naatrium \u2013 0.50 % \/ T\u00e4rklis &#8212; 18 % \/ Suhkur \u2013 8,5 %<\/p>\n<p>[\/vc_column_text][\/vc_column][\/vc_row]<\/p>\n<\/div>","protected":false},"excerpt":{"rendered":"<p><strong>Cavalor Hobuse T\u00e4iss\u00f6\u00f6t StrucoBeet Mash(15 kg)<\/strong>\u00a0 &#8212; maitsev ja kiudaineterikas mash.<\/p>\n<ul style=\"font-weight: 400;\">\n<li>Sobib k\u00f5ikidele hobustele ja ponidele<\/li>\n<li>Kaeravaba<\/li>\n<li>Eriti hea vanematele hobustele, kellel hammastega probleeme<\/li>\n<li>Samuti hobustele, kellelon raske kaalu hoida<\/li>\n<li>Kiudaineterikas ja sisaldab 30% peedihelbed.<\/li>\n<\/ul>\n<ul style=\"font-weight: 400;\">\n<li>Kergesti seeditav<\/li>\n<\/ul>\n<p style=\"font-weight: 400;\"><strong>KASUTAMINE:<\/strong><\/p>\n<p style=\"font-weight: 400;\">Leotada vees 20 min enne s\u00f6\u00f6tmist. 50\/50 vee ja mashi tasakaal. Vett v\u00f5ib soovi korral ka rohkem lisada.<\/p>\n<p style=\"font-weight: 400;\">100kg kehakaalu kohta min 150g, maks. 250g<\/p>\n<p style=\"font-weight: 400;\">600kg hobune peab seega p\u00e4evas saama min. 0,9kg ja maks. 1,5kg.<\/p>\n<p style=\"font-weight: 400;\">P\u00e4evane kogus jaotada mitme s\u00f6\u00f6gikorra vahel.<\/p>\n<p style=\"font-weight: 400;\">Kui mash on lisandiks t\u00e4iss\u00f6\u00f6da k\u00f5rvale, siis ei ole vaja anda soovituslikku normi.<\/p>\n<p style=\"font-weight: 400;\">\n<p style=\"font-weight: 400;\">Cavalor Fiber Beet Mash &#8212; 1 liiter = 373g \/ Cavalor s\u00f6\u00f6dakopsik\u00a0on 1,5 liitrit ehk 0,56 kg<\/p>\n<p style=\"font-weight: 400;\">NB: K\u00f5ik s\u00f6\u00f6dakopsikud ei ole sama mahutavusega. Kaalu oma kopsikut\u00e4ie t\u00e4pne mass, et teaksid, kui palju s\u00f6\u00f6dad.<\/p>\n<p style=\"font-weight: 400;\">Hea toitumise aluseks on \u00f6\u00f6p\u00e4evaringne veele ligip\u00e4\u00e4s ja piisav kogus kores\u00f6\u00f6ta (hein\/silo), mis on jaotatud mitme s\u00f6\u00f6tmiskorra peale p\u00e4evas. See on alus, mida saab t\u00e4iendada m\u00fcslide\/graanulitega. Lisan\u00fcansid tagavad s\u00f6\u00f6dalisandid. S\u00f6\u00f6da vastavalt vajadusele!<\/p>\n<p>&nbsp;<\/p>\n","protected":false},"featured_media":47672,"template":"","meta":[],"product_brand":[],"product_cat":[672,158],"product_tag":[],"class_list":{"0":"post-19375","1":"product","2":"type-product","3":"status-publish","4":"has-post-thumbnail","6":"product_cat-hobusoodad-hobusele","7":"product_cat-hobusele","9":"first","10":"instock","11":"taxable","12":"shipping-taxable","13":"purchasable","14":"product-type-simple"},"_links":{"self":[{"href":"https:\/\/www.allforhorses.ee\/ru\/wp-json\/wp\/v2\/product\/19375","targetHints":{"allow":["GET"]}}],"collection":[{"href":"https:\/\/www.allforhorses.ee\/ru\/wp-json\/wp\/v2\/product"}],"about":[{"href":"https:\/\/www.allforhorses.ee\/ru\/wp-json\/wp\/v2\/types\/product"}],"wp:featuredmedia":[{"embeddable":true,"href":"https:\/\/www.allforhorses.ee\/ru\/wp-json\/wp\/v2\/media\/47672"}],"wp:attachment":[{"href":"https:\/\/www.allforhorses.ee\/ru\/wp-json\/wp\/v2\/media?parent=19375"}],"wp:term":[{"taxonomy":"product_brand","embeddable":true,"href":"https:\/\/www.allforhorses.ee\/ru\/wp-json\/wp\/v2\/product_brand?post=19375"},{"taxonomy":"product_cat","embeddable":true,"href":"https:\/\/www.allforhorses.ee\/ru\/wp-json\/wp\/v2\/product_cat?post=19375"},{"taxonomy":"product_tag","embeddable":true,"href":"https:\/\/www.allforhorses.ee\/ru\/wp-json\/wp\/v2\/product_tag?post=19375"}],"curies":[{"name":"wp","href":"https:\/\/api.w.org\/{rel}","templated":true}]}}