{"id":19214,"date":"2022-11-09T16:51:08","date_gmt":"2022-11-09T16:51:08","guid":{"rendered":"https:\/\/www.allforhorses.ee\/?post_type=product&#038;p=19214"},"modified":"2026-03-01T00:01:07","modified_gmt":"2026-03-01T00:01:07","slug":"ouetekk-nevada-135cm","status":"publish","type":"product","link":"https:\/\/www.allforhorses.ee\/ru\/toode\/ouetekk-nevada-135cm\/","title":{"rendered":"\u00d5uetekk &#171;Nevada&#187; 135cm"},"content":{"rendered":"","protected":false},"excerpt":{"rendered":"<p><b>\u00d5uetekk &#171;Nevada&#187;<\/b><br \/>\nKui \u00f5huke \u00f5uetekk on liiga v\u00e4he kaitset pakkuv ja traditsiooniline 350 g tekk liiga palju, siis sobib ideaalselt Nevada 200 g \u00f5uetekk. Laiendused lubavad hobusel vabalt liikuda. Hea hinnaga \u00f5uetekk sobib ideaalselt varakevadeks ja hiliss\u00fcgiseks. 1200D ripstop 100% Pol\u00fcester. Vooder: 200g. 3000mm\/3000mvp.<br \/>\nTootja: HORZE INTERNATIONAL GMBH.<\/p>\n<p><strong>Suurus: 135cm. <\/strong><\/p>\n<p>&nbsp;<\/p>\n","protected":false},"featured_media":47095,"template":"","meta":[],"product_brand":[],"product_cat":[158,735,244,246],"product_tag":[],"class_list":{"0":"post-19214","1":"product","2":"type-product","3":"status-publish","4":"has-post-thumbnail","6":"product_cat-hobusele","7":"product_cat-allahindlus","8":"product_cat-hobuste-tekid-tarvikud","9":"product_cat-ouetekid","11":"first","12":"instock","13":"taxable","14":"shipping-taxable","15":"purchasable","16":"product-type-simple"},"_links":{"self":[{"href":"https:\/\/www.allforhorses.ee\/ru\/wp-json\/wp\/v2\/product\/19214","targetHints":{"allow":["GET"]}}],"collection":[{"href":"https:\/\/www.allforhorses.ee\/ru\/wp-json\/wp\/v2\/product"}],"about":[{"href":"https:\/\/www.allforhorses.ee\/ru\/wp-json\/wp\/v2\/types\/product"}],"wp:featuredmedia":[{"embeddable":true,"href":"https:\/\/www.allforhorses.ee\/ru\/wp-json\/wp\/v2\/media\/47095"}],"wp:attachment":[{"href":"https:\/\/www.allforhorses.ee\/ru\/wp-json\/wp\/v2\/media?parent=19214"}],"wp:term":[{"taxonomy":"product_brand","embeddable":true,"href":"https:\/\/www.allforhorses.ee\/ru\/wp-json\/wp\/v2\/product_brand?post=19214"},{"taxonomy":"product_cat","embeddable":true,"href":"https:\/\/www.allforhorses.ee\/ru\/wp-json\/wp\/v2\/product_cat?post=19214"},{"taxonomy":"product_tag","embeddable":true,"href":"https:\/\/www.allforhorses.ee\/ru\/wp-json\/wp\/v2\/product_tag?post=19214"}],"curies":[{"name":"wp","href":"https:\/\/api.w.org\/{rel}","templated":true}]}}