{"id":18943,"date":"2022-10-25T10:52:28","date_gmt":"2022-10-25T10:52:28","guid":{"rendered":"https:\/\/www.allforhorses.ee\/?post_type=product&#038;p=18943"},"modified":"2025-12-30T11:23:36","modified_gmt":"2025-12-30T11:23:36","slug":"crystalyx-horslyx-original15kg","status":"publish","type":"product","link":"https:\/\/www.allforhorses.ee\/ru\/toode\/crystalyx-horslyx-original15kg\/","title":{"rendered":"CRYSTALYX HORSLYX Original(15kg)"},"content":{"rendered":"<div class=\"wpb-content-wrapper\"><p>[vc_row][vc_column][vc_column_text]<em>KOOSTIS:<\/em>Deh\u00fcdreeritud sukruroomelass, monokaltsiumfosfaat, puhas taime\u00f5li, naatriumkloriid, maisigluteen, kaltsiumkarbonaat, magneesiumoksiid.<\/p>\n<p><strong>S\u00d6\u00d6DALISANDID 1 kg-s:<\/strong><\/p>\n<p><em>Vitamiinid:<\/em>Vitamiin A (3a672a) 25000 R\u00dc,\u00a0Vitamiin D<sub>3<\/sub> (3a671) 5000 R\u00dc,\u00a0Vitamiin E (3a700) 1200 mg,\u00a0Vitamniin B<sub>12 <\/sub>(ts\u00fcanokobalamiin) 220 \u03bcg,\u00a0Biotiin 2000 \u03bcg.<\/p>\n<p><em>Mikroelemendid:<\/em>Jood (3b202) ( veevabast kaltsiumjodaadist) 6 mg,\u00a0Vask (3b405) (vask(II)sulfaat pentah\u00fcdraat) 540 mg,\u00a0Vask (3b413) (vask(II)kelaat, gl\u00fcsiinh\u00fcdraat) 60 mg,\u00a0Mangaan (3b502) (mangaan(II)oksiid) 800 mg,\u00a0Tsink (3b605) (tsinksulfaatmonoh\u00fcdraat) 1080 mg,\u00a0Tsink (3b607) (gl\u00fcsiin tsinkkelaath\u00fcdraat) 120 mg,\u00a0Seleen (3b801) (naatriumseleniit) 5 mg.<\/p>\n<p><em>ANAL\u00dc\u00dcTILINE KOOSTIS:<\/em>Toor\u00f5lid ja \u2013rasvad 6,00 %,\u00a0Toorproteiin 6,50 %,\u00a0Toorkiud 0,25 %,\u00a0Toortuhk 23,00 %,\u00a0Suhkur (v\u00e4ljendatud sahharoosina) 33,00 %,\u00a0Kaltsium 2,50 %,\u00a0Fosfor 1,60 %,\u00a0Magneesium 0,40 %.<\/p>\n<p>Naatrium 2,50 %[\/vc_column_text][\/vc_column][\/vc_row]<\/p>\n<\/div>","protected":false},"excerpt":{"rendered":"<p><strong>CRYSTALYX HORSLYX Original(15kg)<\/strong> &#8212; t\u00e4iends\u00f6\u00f6t hobustele.<\/p>\n<p><em>Mineraalaineid, mikroelemente ja vitamiine sisaldav k\u00f5rgekvaliteediline t\u00e4iends\u00f6\u00f6t<\/em><\/p>\n<ul>\n<li>V\u00e4ga maitsev ja kergesti seeduv \u2192 s\u00f6\u00f6vad isegi v\u00e4ga valivad hobused<\/li>\n<li>Kui v\u00f5imaldada loomadele vaba juurdep\u00e4\u00e4s t\u00e4iends\u00f6\u00f6dale, rahuldab looma mineraainete, mikroelementide ja vitamiinide vajaduse aastaringselt<\/li>\n<li>Sisaldab k\u00f5rgema seeduvusega orgaanilisi mikroelemente<\/li>\n<li>Biotiin ja teised vitamiinid parandavad karvkatte ja kapjade seisundit<\/li>\n<li>Ilmastikutingimustele (nagu nt vihm) vastupidav \u2192 ideaalne kasutamiseks ka v\u00e4litingimustes<\/li>\n<li>Aitab peletada igavust ja v\u00e4hendab stressi<\/li>\n<li>Sobib eakatele hobustele<\/li>\n<li>Tasakaalustab pH taset seedetraktis ja aitab seega \u00e4ra hoida atsidoosi teke peensooles.<\/li>\n<li>Sisaldab v\u00e4he toorproteiini (6,5%) ja on v\u00e4ga energiarikas, sobides seega proteiinirikka s\u00f6\u00f6da t\u00e4iendamiseks.<\/li>\n<\/ul>\n<p><strong>KASUTAMINE<\/strong><\/p>\n<p>Horselyx\u00b4i lakumineraali optimaalseks kasutamiseks ja kulut\u00f5husa kasu saamiseks soovitame lisada selle j\u00e4rk j\u00e4rgult oma hobuse s\u00f6\u00f6daratsioonile. Kui hobune on Horselyx\u00b4i lakumineraali vastu v\u00f5tnud v\u00f5ib see olla hobusele vabalt k\u00e4tte saadaval. Suur osa hobustest tarbib lakukivi meelsasti, vastavalt vajadusele. Tarbimine varieerub s\u00f5ltuvalt looma koormusest ning muu s\u00f6\u00f6da kogusest. 15 kg Horselyx\u00b4i lakumineraal on m\u00f5eldud kasutamiseks karjamaal hoidikus.<\/p>\n<p>Kui karjamaal on rohkem, kui \u00fcks hobune seadke kaklemise v\u00e4ltimiseks \u00fcles v\u00e4hemalt kaks lakukivi. Hobusel peab olema saadaval piisavalt puhast ja v\u00e4rsket vett. Eelistatavalt peaks kores\u00f6\u00f6t olema alati hobustele saadaval ja soovitame mitte j\u00e4tta oma hobust\/poni kunagi ilma kores\u00f6\u00f6data kauemaks kui 4 tundi ja t\u00f6\u00f6hobuseid kauemaks kui 1tund. <strong>Vasesisalduse t\u00f5ttu mitte s\u00f6\u00f6ta lammastele<\/strong>!<\/p>\n<p><strong>P\u00e4evane t\u00e4iends\u00f6\u00f6da kogus hobuse kohta:<\/strong> poni &#8230;. 200g\/p\u00e4evas, hobune (500kg) &#8230; 250g\/p\u00e4evas, suured hobused (700kg) &#8230; 300g\/p\u00e4evas. Esimese 10&#8230;20 kasutusp\u00e4eva jooksul v\u00f5ib kogus olla suurem. Kui hobuse poolt tarbitav kogus l\u00e4heb v\u00e4ga suureks , oleks soovitatav pakkuda lisaks tavalist lakukivi.<\/p>\n<p>Tootja: Crystalyx Products GmbH, Industrieweg 110, \u00a048155 M\u00fcnster, Saksamaa.<\/p>\n","protected":false},"featured_media":18944,"template":"","meta":[],"product_brand":[],"product_cat":[158,250,252,251],"product_tag":[],"class_list":{"0":"post-18943","1":"product","2":"type-product","3":"status-publish","4":"has-post-thumbnail","6":"product_cat-hobusele","7":"product_cat-maiustused","8":"product_cat-lakukivid","9":"product_cat-soodalisandid","11":"first","12":"instock","13":"taxable","14":"shipping-taxable","15":"purchasable","16":"product-type-simple"},"_links":{"self":[{"href":"https:\/\/www.allforhorses.ee\/ru\/wp-json\/wp\/v2\/product\/18943","targetHints":{"allow":["GET"]}}],"collection":[{"href":"https:\/\/www.allforhorses.ee\/ru\/wp-json\/wp\/v2\/product"}],"about":[{"href":"https:\/\/www.allforhorses.ee\/ru\/wp-json\/wp\/v2\/types\/product"}],"wp:featuredmedia":[{"embeddable":true,"href":"https:\/\/www.allforhorses.ee\/ru\/wp-json\/wp\/v2\/media\/18944"}],"wp:attachment":[{"href":"https:\/\/www.allforhorses.ee\/ru\/wp-json\/wp\/v2\/media?parent=18943"}],"wp:term":[{"taxonomy":"product_brand","embeddable":true,"href":"https:\/\/www.allforhorses.ee\/ru\/wp-json\/wp\/v2\/product_brand?post=18943"},{"taxonomy":"product_cat","embeddable":true,"href":"https:\/\/www.allforhorses.ee\/ru\/wp-json\/wp\/v2\/product_cat?post=18943"},{"taxonomy":"product_tag","embeddable":true,"href":"https:\/\/www.allforhorses.ee\/ru\/wp-json\/wp\/v2\/product_tag?post=18943"}],"curies":[{"name":"wp","href":"https:\/\/api.w.org\/{rel}","templated":true}]}}