{"id":18919,"date":"2022-10-21T12:17:12","date_gmt":"2022-10-21T12:17:12","guid":{"rendered":"https:\/\/www.allforhorses.ee\/?post_type=product&#038;p=18919"},"modified":"2025-09-17T12:34:43","modified_gmt":"2025-09-17T12:34:43","slug":"hkm-varustuse-ja-sadulahoidja-ratastel","status":"publish","type":"product","link":"https:\/\/www.allforhorses.ee\/ru\/toode\/hkm-varustuse-ja-sadulahoidja-ratastel\/","title":{"rendered":"HKM Varustuse- ja Sadulahoidja Ratastel"},"content":{"rendered":"","protected":false},"excerpt":{"rendered":"<p><strong>HKM Varustuse- ja Sadulahoidja Ratastel <\/strong>on kokkupandav, lihtne edasi liigutada ja transportida.<\/p>\n<ul>\n<li>height: 120cm, length: 105cm, width: 55cm<\/li>\n<li>folded size: height 36cm, length 95cm, width 55cm<\/li>\n<li>weight approx. 8 kg<\/li>\n<\/ul>\n<p><em>Tarneaeg 10-14 t\u00f6\u00f6p\u00e4eva.<\/em><\/p>\n<p>&nbsp;<\/p>\n","protected":false},"featured_media":18922,"template":"","meta":[],"product_brand":[],"product_cat":[145],"product_tag":[],"class_list":{"0":"post-18919","1":"product","2":"type-product","3":"status-publish","4":"has-post-thumbnail","6":"product_cat-talli","8":"first","9":"instock","10":"taxable","11":"shipping-taxable","12":"purchasable","13":"product-type-simple"},"_links":{"self":[{"href":"https:\/\/www.allforhorses.ee\/ru\/wp-json\/wp\/v2\/product\/18919","targetHints":{"allow":["GET"]}}],"collection":[{"href":"https:\/\/www.allforhorses.ee\/ru\/wp-json\/wp\/v2\/product"}],"about":[{"href":"https:\/\/www.allforhorses.ee\/ru\/wp-json\/wp\/v2\/types\/product"}],"wp:featuredmedia":[{"embeddable":true,"href":"https:\/\/www.allforhorses.ee\/ru\/wp-json\/wp\/v2\/media\/18922"}],"wp:attachment":[{"href":"https:\/\/www.allforhorses.ee\/ru\/wp-json\/wp\/v2\/media?parent=18919"}],"wp:term":[{"taxonomy":"product_brand","embeddable":true,"href":"https:\/\/www.allforhorses.ee\/ru\/wp-json\/wp\/v2\/product_brand?post=18919"},{"taxonomy":"product_cat","embeddable":true,"href":"https:\/\/www.allforhorses.ee\/ru\/wp-json\/wp\/v2\/product_cat?post=18919"},{"taxonomy":"product_tag","embeddable":true,"href":"https:\/\/www.allforhorses.ee\/ru\/wp-json\/wp\/v2\/product_tag?post=18919"}],"curies":[{"name":"wp","href":"https:\/\/api.w.org\/{rel}","templated":true}]}}