{"id":18911,"date":"2022-10-21T08:00:00","date_gmt":"2022-10-21T08:00:00","guid":{"rendered":"https:\/\/www.allforhorses.ee\/?post_type=product&#038;p=18911"},"modified":"2022-11-19T20:58:40","modified_gmt":"2022-11-19T20:58:40","slug":"hkm-taisnahkadega-ratsapuksid-lea34","status":"publish","type":"product","link":"https:\/\/www.allforhorses.ee\/ru\/toode\/hkm-taisnahkadega-ratsapuksid-lea34\/","title":{"rendered":"HKM T\u00e4isnahkadega Ratsap\u00fcksid &#171;Lea&#187;(34)"},"content":{"rendered":"","protected":false},"excerpt":{"rendered":"<p><strong>HKM T\u00e4isnahkadega Ratsap\u00fcksid &#171;Lea&#187;<\/strong> on hingavad\u00a0 ja mugavad. P\u00fckstel on pehme mittelibisev kunstnahast osa(60% nylon, 40% polyurethane). On elastne s\u00e4\u00e4reosa.<br \/>\nMasinpestav 30-kraadi juures. Sobivad pesukuivatisse.<br \/>\nV\u00e4rv: pruun.<\/p>\n<p><i>P\u00fcksid on ainult ettetellimisel. Tarneaeg u 14 t\u00f6\u00f6p\u00e4eva.<\/i><\/p>\n","protected":false},"featured_media":18914,"template":"","meta":[],"product_brand":[],"product_cat":[109,114,115],"product_tag":[],"class_list":{"0":"post-18911","1":"product","2":"type-product","3":"status-publish","4":"has-post-thumbnail","6":"product_cat-ratsariided","7":"product_cat-ratsapuksid","8":"product_cat-naiste-ratsapuksid","10":"first","11":"instock","12":"taxable","13":"shipping-taxable","14":"purchasable","15":"product-type-simple"},"_links":{"self":[{"href":"https:\/\/www.allforhorses.ee\/ru\/wp-json\/wp\/v2\/product\/18911","targetHints":{"allow":["GET"]}}],"collection":[{"href":"https:\/\/www.allforhorses.ee\/ru\/wp-json\/wp\/v2\/product"}],"about":[{"href":"https:\/\/www.allforhorses.ee\/ru\/wp-json\/wp\/v2\/types\/product"}],"wp:featuredmedia":[{"embeddable":true,"href":"https:\/\/www.allforhorses.ee\/ru\/wp-json\/wp\/v2\/media\/18914"}],"wp:attachment":[{"href":"https:\/\/www.allforhorses.ee\/ru\/wp-json\/wp\/v2\/media?parent=18911"}],"wp:term":[{"taxonomy":"product_brand","embeddable":true,"href":"https:\/\/www.allforhorses.ee\/ru\/wp-json\/wp\/v2\/product_brand?post=18911"},{"taxonomy":"product_cat","embeddable":true,"href":"https:\/\/www.allforhorses.ee\/ru\/wp-json\/wp\/v2\/product_cat?post=18911"},{"taxonomy":"product_tag","embeddable":true,"href":"https:\/\/www.allforhorses.ee\/ru\/wp-json\/wp\/v2\/product_tag?post=18911"}],"curies":[{"name":"wp","href":"https:\/\/api.w.org\/{rel}","templated":true}]}}