{"id":18899,"date":"2022-10-21T07:43:08","date_gmt":"2022-10-21T07:43:08","guid":{"rendered":"https:\/\/www.allforhorses.ee\/?post_type=product&#038;p=18899"},"modified":"2026-01-20T08:51:12","modified_gmt":"2026-01-20T08:51:12","slug":"hkm-ouetekk-portland-600d-100gr","status":"publish","type":"product","link":"https:\/\/www.allforhorses.ee\/ru\/toode\/hkm-ouetekk-portland-600d-100gr\/","title":{"rendered":"HKM \u00d5uetekk &#171;Portland&#187; 600D, 100gr.(165cm)"},"content":{"rendered":"","protected":false},"excerpt":{"rendered":"<p><strong>HKM \u00d5uetekk &#171;Portland&#187; 600D, 100gr.<\/strong> on vihmakindel(kuni 3.000 mm), tuulekindel, hingav(3.000 ml m\u00b2\/24 h), vastupidavast materjalist.<br \/>\nEi piira liikumist(\u00f5lal\u00f5hikud), reguleeritavad esik\u00fcljekinnitused, k\u00f5hualused rihmad, jalarihmad ja saba kaitse hoiavad teki ilusti paigal.<br \/>\n600D rebenemiskindel 100% pol\u00fcester.<br \/>\nSisu, 100gr. cotton.<br \/>\nKuni 3.000 mm veepidavus.<br \/>\nMasinpestav sarnaste toonidega 30 kraadiga. Sobib pesuuivatisse.<br \/>\nV\u00e4rv: pruun\/bee\u017e.<\/p>\n<p><em>LAOS 165cm.<\/em><\/p>\n<p>&nbsp;<\/p>\n<p>&nbsp;<\/p>\n","protected":false},"featured_media":18907,"template":"","meta":[],"product_brand":[],"product_cat":[158,244,246],"product_tag":[],"class_list":{"0":"post-18899","1":"product","2":"type-product","3":"status-publish","4":"has-post-thumbnail","6":"product_cat-hobusele","7":"product_cat-hobuste-tekid-tarvikud","8":"product_cat-ouetekid","10":"first","11":"instock","12":"taxable","13":"shipping-taxable","14":"purchasable","15":"product-type-simple"},"_links":{"self":[{"href":"https:\/\/www.allforhorses.ee\/ru\/wp-json\/wp\/v2\/product\/18899","targetHints":{"allow":["GET"]}}],"collection":[{"href":"https:\/\/www.allforhorses.ee\/ru\/wp-json\/wp\/v2\/product"}],"about":[{"href":"https:\/\/www.allforhorses.ee\/ru\/wp-json\/wp\/v2\/types\/product"}],"wp:featuredmedia":[{"embeddable":true,"href":"https:\/\/www.allforhorses.ee\/ru\/wp-json\/wp\/v2\/media\/18907"}],"wp:attachment":[{"href":"https:\/\/www.allforhorses.ee\/ru\/wp-json\/wp\/v2\/media?parent=18899"}],"wp:term":[{"taxonomy":"product_brand","embeddable":true,"href":"https:\/\/www.allforhorses.ee\/ru\/wp-json\/wp\/v2\/product_brand?post=18899"},{"taxonomy":"product_cat","embeddable":true,"href":"https:\/\/www.allforhorses.ee\/ru\/wp-json\/wp\/v2\/product_cat?post=18899"},{"taxonomy":"product_tag","embeddable":true,"href":"https:\/\/www.allforhorses.ee\/ru\/wp-json\/wp\/v2\/product_tag?post=18899"}],"curies":[{"name":"wp","href":"https:\/\/api.w.org\/{rel}","templated":true}]}}