{"id":18871,"date":"2022-10-06T07:16:37","date_gmt":"2022-10-06T07:16:37","guid":{"rendered":"https:\/\/www.allforhorses.ee\/?post_type=product&#038;p=18871"},"modified":"2022-10-06T07:18:20","modified_gmt":"2022-10-06T07:18:20","slug":"hkm-laste-turvavest-easy-fit","status":"publish","type":"product","link":"https:\/\/www.allforhorses.ee\/ru\/toode\/hkm-laste-turvavest-easy-fit\/","title":{"rendered":"HKM Laste Turvavest &#171;Easy Fit&#187;"},"content":{"rendered":"","protected":false},"excerpt":{"rendered":"<p><strong>HKM Laste Turvavest &#171;Easy Fit&#187;<\/strong> neelab suurema osa l\u00f6\u00f6gij\u00f5ust, mis ratsaniku kukkumisel tekib. Turvavesti\u00a0l\u00fclide liikuvus tagab mugavuse ja liikumisvabaduse. Lihtne suurust reguleerida.<br \/>\nVastab turvan\u00f5udele BETA 3, 2018.\u00a0Vastab turvastandadile\u00a0EN 13158 Level 3.<br \/>\nMaterjal: 100% pol\u00fceester.<br \/>\nSuurus: XS, S, M, L, XL. V\u00e4rv: must.<\/p>\n<p><em>Tarneaeg u 14 t\u00f6\u00f6p\u00e4eva.<\/em><\/p>\n<p><em>Lisatud ka m\u00f5\u00f5dutabel.<\/em><\/p>\n","protected":false},"featured_media":18845,"template":"","meta":[],"product_brand":[],"product_cat":[109,131],"product_tag":[],"class_list":{"0":"post-18871","1":"product","2":"type-product","3":"status-publish","4":"has-post-thumbnail","6":"product_cat-ratsariided","7":"product_cat-ratsakiivrid-turvavestid","9":"first","10":"instock","11":"taxable","12":"shipping-taxable","13":"purchasable","14":"product-type-variable"},"_links":{"self":[{"href":"https:\/\/www.allforhorses.ee\/ru\/wp-json\/wp\/v2\/product\/18871","targetHints":{"allow":["GET"]}}],"collection":[{"href":"https:\/\/www.allforhorses.ee\/ru\/wp-json\/wp\/v2\/product"}],"about":[{"href":"https:\/\/www.allforhorses.ee\/ru\/wp-json\/wp\/v2\/types\/product"}],"wp:featuredmedia":[{"embeddable":true,"href":"https:\/\/www.allforhorses.ee\/ru\/wp-json\/wp\/v2\/media\/18845"}],"wp:attachment":[{"href":"https:\/\/www.allforhorses.ee\/ru\/wp-json\/wp\/v2\/media?parent=18871"}],"wp:term":[{"taxonomy":"product_brand","embeddable":true,"href":"https:\/\/www.allforhorses.ee\/ru\/wp-json\/wp\/v2\/product_brand?post=18871"},{"taxonomy":"product_cat","embeddable":true,"href":"https:\/\/www.allforhorses.ee\/ru\/wp-json\/wp\/v2\/product_cat?post=18871"},{"taxonomy":"product_tag","embeddable":true,"href":"https:\/\/www.allforhorses.ee\/ru\/wp-json\/wp\/v2\/product_tag?post=18871"}],"curies":[{"name":"wp","href":"https:\/\/api.w.org\/{rel}","templated":true}]}}