{"id":18824,"date":"2022-10-05T13:25:39","date_gmt":"2022-10-05T13:25:39","guid":{"rendered":"https:\/\/www.allforhorses.ee\/?post_type=product&#038;p=18824"},"modified":"2026-03-26T08:52:54","modified_gmt":"2026-03-26T08:52:54","slug":"hkm-soojad-ratsakindad-winter","status":"publish","type":"product","link":"https:\/\/www.allforhorses.ee\/ru\/toode\/hkm-soojad-ratsakindad-winter\/","title":{"rendered":"HKM Soojad Ratsakindad &#171;Winter&#187;"},"content":{"rendered":"","protected":false},"excerpt":{"rendered":"<p><strong>HKM Ratsakindad<\/strong> <strong>&#171;Winter&#187;<\/strong> &#8212; mugavad, pehmed, soojad(polar fleece lining),\u00a0tuule- ja vihmakindlad; h\u00e4stinakkuvad silikoongripid.<br \/>\nMasinpestavad 30 kraadise veeprogrammiga(delicate wash). Sobivad pesukuivatisse.<br \/>\n100% polyester.<\/p>\n<p><em>LAOS mustad kindad suururses L, XL; hallid &#8212; S, M, L.<\/em><br \/>\n<em>\u00dclej\u00e4\u00e4nud suurused ainult ettetellimisel(tarne 10-14 t\u00f6\u00f6p\u00e4eva).<\/em><\/p>\n","protected":false},"featured_media":18831,"template":"","meta":[],"product_brand":[],"product_cat":[109,128,130],"product_tag":[],"class_list":{"0":"post-18824","1":"product","2":"type-product","3":"status-publish","4":"has-post-thumbnail","6":"product_cat-ratsariided","7":"product_cat-ratsakindad","8":"product_cat-soojad-ratsakindad","10":"first","11":"instock","12":"taxable","13":"shipping-taxable","14":"purchasable","15":"product-type-variable"},"_links":{"self":[{"href":"https:\/\/www.allforhorses.ee\/ru\/wp-json\/wp\/v2\/product\/18824","targetHints":{"allow":["GET"]}}],"collection":[{"href":"https:\/\/www.allforhorses.ee\/ru\/wp-json\/wp\/v2\/product"}],"about":[{"href":"https:\/\/www.allforhorses.ee\/ru\/wp-json\/wp\/v2\/types\/product"}],"wp:featuredmedia":[{"embeddable":true,"href":"https:\/\/www.allforhorses.ee\/ru\/wp-json\/wp\/v2\/media\/18831"}],"wp:attachment":[{"href":"https:\/\/www.allforhorses.ee\/ru\/wp-json\/wp\/v2\/media?parent=18824"}],"wp:term":[{"taxonomy":"product_brand","embeddable":true,"href":"https:\/\/www.allforhorses.ee\/ru\/wp-json\/wp\/v2\/product_brand?post=18824"},{"taxonomy":"product_cat","embeddable":true,"href":"https:\/\/www.allforhorses.ee\/ru\/wp-json\/wp\/v2\/product_cat?post=18824"},{"taxonomy":"product_tag","embeddable":true,"href":"https:\/\/www.allforhorses.ee\/ru\/wp-json\/wp\/v2\/product_tag?post=18824"}],"curies":[{"name":"wp","href":"https:\/\/api.w.org\/{rel}","templated":true}]}}