{"id":18784,"date":"2022-10-04T06:56:23","date_gmt":"2022-10-04T06:56:23","guid":{"rendered":"https:\/\/www.allforhorses.ee\/?post_type=product&#038;p=18784"},"modified":"2025-01-29T10:41:41","modified_gmt":"2025-01-29T10:41:41","slug":"hkm-ouetekk-glasgow-1200d-100g","status":"publish","type":"product","link":"https:\/\/www.allforhorses.ee\/ru\/toode\/hkm-ouetekk-glasgow-1200d-100g\/","title":{"rendered":"HKM \u00d5uetekk &#171;Glasgow&#187; 1200D, 100g"},"content":{"rendered":"","protected":false},"excerpt":{"rendered":"<p><strong>HKM Poolkaelaga \u00f5uetekk<\/strong> 100g sisu(puuvillane soojahoidev vahevooder), rebenemiskindel 1200D. Hingav(3000 ml m\u00b2\/24 h), tuulekindel, \u00a0veekindel kuni 3000 mm. \u00d5lal\u00f5hikud tagavad liikumisvabaduse.<br \/>\nTekk on kotis.<br \/>\n100% pol\u00fcester.<br \/>\nMasinpestav 40 kraadiga, koos sarnaste toonidega. Mitte kasutada valgendit ega kuivatit.<\/p>\n<p><em>Tarne 10-14 t\u00f6\u00f6p\u00e4eva.<\/em><\/p>\n<p>&nbsp;<\/p>\n","protected":false},"featured_media":43942,"template":"","meta":[],"product_brand":[],"product_cat":[158,244,246],"product_tag":[],"class_list":{"0":"post-18784","1":"product","2":"type-product","3":"status-publish","4":"has-post-thumbnail","6":"product_cat-hobusele","7":"product_cat-hobuste-tekid-tarvikud","8":"product_cat-ouetekid","10":"first","11":"instock","12":"taxable","13":"shipping-taxable","14":"purchasable","15":"product-type-variable"},"_links":{"self":[{"href":"https:\/\/www.allforhorses.ee\/ru\/wp-json\/wp\/v2\/product\/18784","targetHints":{"allow":["GET"]}}],"collection":[{"href":"https:\/\/www.allforhorses.ee\/ru\/wp-json\/wp\/v2\/product"}],"about":[{"href":"https:\/\/www.allforhorses.ee\/ru\/wp-json\/wp\/v2\/types\/product"}],"wp:featuredmedia":[{"embeddable":true,"href":"https:\/\/www.allforhorses.ee\/ru\/wp-json\/wp\/v2\/media\/43942"}],"wp:attachment":[{"href":"https:\/\/www.allforhorses.ee\/ru\/wp-json\/wp\/v2\/media?parent=18784"}],"wp:term":[{"taxonomy":"product_brand","embeddable":true,"href":"https:\/\/www.allforhorses.ee\/ru\/wp-json\/wp\/v2\/product_brand?post=18784"},{"taxonomy":"product_cat","embeddable":true,"href":"https:\/\/www.allforhorses.ee\/ru\/wp-json\/wp\/v2\/product_cat?post=18784"},{"taxonomy":"product_tag","embeddable":true,"href":"https:\/\/www.allforhorses.ee\/ru\/wp-json\/wp\/v2\/product_tag?post=18784"}],"curies":[{"name":"wp","href":"https:\/\/api.w.org\/{rel}","templated":true}]}}