{"id":18654,"date":"2022-09-21T06:53:02","date_gmt":"2022-09-21T06:53:02","guid":{"rendered":"https:\/\/www.allforhorses.ee\/?post_type=product&#038;p=18654"},"modified":"2026-02-01T16:35:09","modified_gmt":"2026-02-01T16:35:09","slug":"hkm-nahast-talvesaapad-dublin-winter","status":"publish","type":"product","link":"https:\/\/www.allforhorses.ee\/ru\/toode\/hkm-nahast-talvesaapad-dublin-winter\/","title":{"rendered":"HKM Nahast Talvesaapad &#171;Dublin Winter&#187;"},"content":{"rendered":"","protected":false},"excerpt":{"rendered":"<p><strong>HKM Nahast Talvesaapad &#171;Dublin Winter&#187; <\/strong>on paeltega, tagant lukuga, painduvad mittelibisevad veekindlad kummitallad.<\/p>\n<p><em>HKM Nahast Talvesaapad &#171;Dublin Winter&#187; on ainult ettetellimisel(tarne u 14 t\u00f6\u00f6p\u00e4eva).<\/em><\/p>\n<p>&nbsp;<\/p>\n","protected":false},"featured_media":18663,"template":"","meta":[],"product_brand":[],"product_cat":[109,110,113],"product_tag":[],"class_list":{"0":"post-18654","1":"product","2":"type-product","3":"status-publish","4":"has-post-thumbnail","6":"product_cat-ratsariided","7":"product_cat-ratsasaapad","8":"product_cat-soojad-ratsasaapad","10":"first","11":"instock","12":"taxable","13":"shipping-taxable","14":"purchasable","15":"product-type-variable"},"_links":{"self":[{"href":"https:\/\/www.allforhorses.ee\/ru\/wp-json\/wp\/v2\/product\/18654","targetHints":{"allow":["GET"]}}],"collection":[{"href":"https:\/\/www.allforhorses.ee\/ru\/wp-json\/wp\/v2\/product"}],"about":[{"href":"https:\/\/www.allforhorses.ee\/ru\/wp-json\/wp\/v2\/types\/product"}],"wp:featuredmedia":[{"embeddable":true,"href":"https:\/\/www.allforhorses.ee\/ru\/wp-json\/wp\/v2\/media\/18663"}],"wp:attachment":[{"href":"https:\/\/www.allforhorses.ee\/ru\/wp-json\/wp\/v2\/media?parent=18654"}],"wp:term":[{"taxonomy":"product_brand","embeddable":true,"href":"https:\/\/www.allforhorses.ee\/ru\/wp-json\/wp\/v2\/product_brand?post=18654"},{"taxonomy":"product_cat","embeddable":true,"href":"https:\/\/www.allforhorses.ee\/ru\/wp-json\/wp\/v2\/product_cat?post=18654"},{"taxonomy":"product_tag","embeddable":true,"href":"https:\/\/www.allforhorses.ee\/ru\/wp-json\/wp\/v2\/product_tag?post=18654"}],"curies":[{"name":"wp","href":"https:\/\/api.w.org\/{rel}","templated":true}]}}