{"id":18464,"date":"2022-09-19T18:36:59","date_gmt":"2022-09-19T18:36:59","guid":{"rendered":"https:\/\/www.allforhorses.ee\/?post_type=product&#038;p=18464"},"modified":"2026-02-01T16:24:07","modified_gmt":"2026-02-01T16:24:07","slug":"hkm-soojad-ratsasaapad-kodiak","status":"publish","type":"product","link":"https:\/\/www.allforhorses.ee\/ru\/toode\/hkm-soojad-ratsasaapad-kodiak\/","title":{"rendered":"HKM Termosaapad &#171;Kodiak&#187;"},"content":{"rendered":"","protected":false},"excerpt":{"rendered":"<p><strong>HKM Termosaapad &#171;Kodiak&#187; <\/strong>on v\u00e4ga sooja paksu voodriga ja veekindlad, vastupidavad. Saapad on mittelibiseva tallaga, reguleeritavad takjakinnitused, neid on kerge puhastada ja hooldada.<\/p>\n<p><em>Termosaapad on ainult ettetellimisel(tarne u 14 t\u00f6\u00f6p\u00e4eva)<br \/>\nLAOS suurus 33, 35, 37, 38, 39.<\/em><\/p>\n","protected":false},"featured_media":18481,"template":"","meta":[],"product_brand":[],"product_cat":[109,110,113],"product_tag":[],"class_list":{"0":"post-18464","1":"product","2":"type-product","3":"status-publish","4":"has-post-thumbnail","6":"product_cat-ratsariided","7":"product_cat-ratsasaapad","8":"product_cat-soojad-ratsasaapad","10":"first","11":"instock","12":"taxable","13":"shipping-taxable","14":"purchasable","15":"product-type-variable"},"_links":{"self":[{"href":"https:\/\/www.allforhorses.ee\/ru\/wp-json\/wp\/v2\/product\/18464","targetHints":{"allow":["GET"]}}],"collection":[{"href":"https:\/\/www.allforhorses.ee\/ru\/wp-json\/wp\/v2\/product"}],"about":[{"href":"https:\/\/www.allforhorses.ee\/ru\/wp-json\/wp\/v2\/types\/product"}],"wp:featuredmedia":[{"embeddable":true,"href":"https:\/\/www.allforhorses.ee\/ru\/wp-json\/wp\/v2\/media\/18481"}],"wp:attachment":[{"href":"https:\/\/www.allforhorses.ee\/ru\/wp-json\/wp\/v2\/media?parent=18464"}],"wp:term":[{"taxonomy":"product_brand","embeddable":true,"href":"https:\/\/www.allforhorses.ee\/ru\/wp-json\/wp\/v2\/product_brand?post=18464"},{"taxonomy":"product_cat","embeddable":true,"href":"https:\/\/www.allforhorses.ee\/ru\/wp-json\/wp\/v2\/product_cat?post=18464"},{"taxonomy":"product_tag","embeddable":true,"href":"https:\/\/www.allforhorses.ee\/ru\/wp-json\/wp\/v2\/product_tag?post=18464"}],"curies":[{"name":"wp","href":"https:\/\/api.w.org\/{rel}","templated":true}]}}