{"id":18295,"date":"2022-09-19T08:29:44","date_gmt":"2022-09-19T08:29:44","guid":{"rendered":"https:\/\/www.allforhorses.ee\/?post_type=product&#038;p=18295"},"modified":"2023-12-06T16:03:52","modified_gmt":"2023-12-06T16:03:52","slug":"hkm-mantel-paris-new","status":"publish","type":"product","link":"https:\/\/www.allforhorses.ee\/ru\/toode\/hkm-mantel-paris-new\/","title":{"rendered":"HKM Mantel &#171;Paris New&#187;"},"content":{"rendered":"","protected":false},"excerpt":{"rendered":"<p><strong>HKM Mantel &#171;Paris New&#187; <\/strong>on hingav ja tuulekindel, hoiab h\u00e4sti sooja. H\u00e4sti taljesse hoidev kuju. Seljapoolsed avatavad l\u00f5hikud v\u00f5imaldavad mugavalt sadulasse istuda.<strong><br \/>\n<\/strong> Esik\u00fcljel on 2 taskut, sisemine rinnatasku, kaksipidi k\u00e4iv t\u00f5mbluk.<br \/>\nMasinpestav 30 kraadi juures.<br \/>\nMaterjal: 100% pol\u00fcester.<\/p>\n<p><em>Mantel &#171;Paris New&#187; on ainult ettetellimisel(tarne\u00a0 u 14 t\u00f6\u00f6p\u00e4eva).<\/em><\/p>\n","protected":false},"featured_media":18312,"template":"","meta":[],"product_brand":[],"product_cat":[109,122,123],"product_tag":[],"class_list":{"0":"post-18295","1":"product","2":"type-product","3":"status-publish","4":"has-post-thumbnail","6":"product_cat-ratsariided","7":"product_cat-ratsajoped-ja-vestid","8":"product_cat-ratsajoped-ja-mantlid","10":"first","11":"instock","12":"taxable","13":"shipping-taxable","14":"purchasable","15":"product-type-variable"},"_links":{"self":[{"href":"https:\/\/www.allforhorses.ee\/ru\/wp-json\/wp\/v2\/product\/18295","targetHints":{"allow":["GET"]}}],"collection":[{"href":"https:\/\/www.allforhorses.ee\/ru\/wp-json\/wp\/v2\/product"}],"about":[{"href":"https:\/\/www.allforhorses.ee\/ru\/wp-json\/wp\/v2\/types\/product"}],"wp:featuredmedia":[{"embeddable":true,"href":"https:\/\/www.allforhorses.ee\/ru\/wp-json\/wp\/v2\/media\/18312"}],"wp:attachment":[{"href":"https:\/\/www.allforhorses.ee\/ru\/wp-json\/wp\/v2\/media?parent=18295"}],"wp:term":[{"taxonomy":"product_brand","embeddable":true,"href":"https:\/\/www.allforhorses.ee\/ru\/wp-json\/wp\/v2\/product_brand?post=18295"},{"taxonomy":"product_cat","embeddable":true,"href":"https:\/\/www.allforhorses.ee\/ru\/wp-json\/wp\/v2\/product_cat?post=18295"},{"taxonomy":"product_tag","embeddable":true,"href":"https:\/\/www.allforhorses.ee\/ru\/wp-json\/wp\/v2\/product_tag?post=18295"}],"curies":[{"name":"wp","href":"https:\/\/api.w.org\/{rel}","templated":true}]}}