{"id":18159,"date":"2022-09-07T07:48:25","date_gmt":"2022-09-07T07:48:25","guid":{"rendered":"https:\/\/www.allforhorses.ee\/?post_type=product&#038;p=18159"},"modified":"2025-05-27T05:30:38","modified_gmt":"2025-05-27T05:30:38","slug":"hkm-kunstnahast-saarised-elastic-plain","status":"publish","type":"product","link":"https:\/\/www.allforhorses.ee\/ru\/toode\/hkm-kunstnahast-saarised-elastic-plain\/","title":{"rendered":"HKM Kunstnahast S\u00e4\u00e4rised &#171;Elastic Plain&#187;"},"content":{"rendered":"","protected":false},"excerpt":{"rendered":"<p><strong>HKM Kunstnahast S\u00e4\u00e4rised &#171;Elastic Plain&#187;\u00a0<\/strong>on hingavad, vastupidavad ja mittelibisevad. Elastsed s\u00e4\u00e4reosad ja elastsed kummiosad talla all. On t\u00f5mblukk,\u00a0trukkidega lisakinnitused \u00fcleval ja all.<br \/>\nMaterjal: 85% pol\u00fceester, 15% pol\u00fcuretaan.<br \/>\nMasinpestav 30-kraadi juures.<\/p>\n<p><em>Tarne 10-14 t\u00f6\u00f6p\u00e4eva.<\/em><br \/>\n<em>LAOS suurused M-36, M-40, L-39, XL-39.<\/em><\/p>\n","protected":false},"featured_media":18169,"template":"","meta":[],"product_brand":[],"product_cat":[109,134,136],"product_tag":[],"class_list":{"0":"post-18159","1":"product","2":"type-product","3":"status-publish","4":"has-post-thumbnail","6":"product_cat-ratsariided","7":"product_cat-saarised","8":"product_cat-kunstnahast-saarised","10":"first","11":"instock","12":"featured","13":"taxable","14":"shipping-taxable","15":"purchasable","16":"product-type-variable"},"_links":{"self":[{"href":"https:\/\/www.allforhorses.ee\/ru\/wp-json\/wp\/v2\/product\/18159","targetHints":{"allow":["GET"]}}],"collection":[{"href":"https:\/\/www.allforhorses.ee\/ru\/wp-json\/wp\/v2\/product"}],"about":[{"href":"https:\/\/www.allforhorses.ee\/ru\/wp-json\/wp\/v2\/types\/product"}],"wp:featuredmedia":[{"embeddable":true,"href":"https:\/\/www.allforhorses.ee\/ru\/wp-json\/wp\/v2\/media\/18169"}],"wp:attachment":[{"href":"https:\/\/www.allforhorses.ee\/ru\/wp-json\/wp\/v2\/media?parent=18159"}],"wp:term":[{"taxonomy":"product_brand","embeddable":true,"href":"https:\/\/www.allforhorses.ee\/ru\/wp-json\/wp\/v2\/product_brand?post=18159"},{"taxonomy":"product_cat","embeddable":true,"href":"https:\/\/www.allforhorses.ee\/ru\/wp-json\/wp\/v2\/product_cat?post=18159"},{"taxonomy":"product_tag","embeddable":true,"href":"https:\/\/www.allforhorses.ee\/ru\/wp-json\/wp\/v2\/product_tag?post=18159"}],"curies":[{"name":"wp","href":"https:\/\/api.w.org\/{rel}","templated":true}]}}