{"id":18125,"date":"2022-09-06T12:53:49","date_gmt":"2022-09-06T12:53:49","guid":{"rendered":"https:\/\/www.allforhorses.ee\/?post_type=product&#038;p=18125"},"modified":"2025-12-30T11:23:49","modified_gmt":"2025-12-30T11:23:49","slug":"hkm-ratsapuksid-basic-belmtex-grip3-4","status":"publish","type":"product","link":"https:\/\/www.allforhorses.ee\/ru\/toode\/hkm-ratsapuksid-basic-belmtex-grip3-4\/","title":{"rendered":"HKM Ratsap\u00fcksid &#171;Basic Belmtex Grip&#187;(3\/4)"},"content":{"rendered":"","protected":false},"excerpt":{"rendered":"<p><strong>HKM Ratsap\u00fcksid &#171;Basic Belmtex Grip&#187;(3\/4) <\/strong>on hingavad, pehmed ja mugavad, v\u00e4ga hea\u00a0haakuvus sadulaga.\u00a0V\u00f6\u00f6 aasad, h\u00e4sti istuvad, elastsed s\u00e4\u00e4reosad.<br \/>\n3\/4 pikkuses elastne ja pehme mittelibisev s\u00fcnteetiline seemisnahk &#8212; Belmtex.<br \/>\nMaterjal: 95% puuvill, 5% l\u00fckra.<br \/>\nMasinpestav 30 kraadiga, sobivad ka pesukuivatisse.<\/p>\n<p>&nbsp;<\/p>\n<p>&nbsp;<\/p>\n","protected":false},"featured_media":18131,"template":"","meta":[],"product_brand":[],"product_cat":[109,114,115,117],"product_tag":[],"class_list":{"0":"post-18125","1":"product","2":"type-product","3":"status-publish","4":"has-post-thumbnail","6":"product_cat-ratsariided","7":"product_cat-ratsapuksid","8":"product_cat-naiste-ratsapuksid","9":"product_cat-laste-ratsapuksid","11":"first","12":"instock","13":"taxable","14":"shipping-taxable","15":"purchasable","16":"product-type-variable"},"_links":{"self":[{"href":"https:\/\/www.allforhorses.ee\/ru\/wp-json\/wp\/v2\/product\/18125","targetHints":{"allow":["GET"]}}],"collection":[{"href":"https:\/\/www.allforhorses.ee\/ru\/wp-json\/wp\/v2\/product"}],"about":[{"href":"https:\/\/www.allforhorses.ee\/ru\/wp-json\/wp\/v2\/types\/product"}],"wp:featuredmedia":[{"embeddable":true,"href":"https:\/\/www.allforhorses.ee\/ru\/wp-json\/wp\/v2\/media\/18131"}],"wp:attachment":[{"href":"https:\/\/www.allforhorses.ee\/ru\/wp-json\/wp\/v2\/media?parent=18125"}],"wp:term":[{"taxonomy":"product_brand","embeddable":true,"href":"https:\/\/www.allforhorses.ee\/ru\/wp-json\/wp\/v2\/product_brand?post=18125"},{"taxonomy":"product_cat","embeddable":true,"href":"https:\/\/www.allforhorses.ee\/ru\/wp-json\/wp\/v2\/product_cat?post=18125"},{"taxonomy":"product_tag","embeddable":true,"href":"https:\/\/www.allforhorses.ee\/ru\/wp-json\/wp\/v2\/product_tag?post=18125"}],"curies":[{"name":"wp","href":"https:\/\/api.w.org\/{rel}","templated":true}]}}