{"id":18020,"date":"2022-09-06T06:33:18","date_gmt":"2022-09-06T06:33:18","guid":{"rendered":"https:\/\/www.allforhorses.ee\/?post_type=product&#038;p=18020"},"modified":"2025-07-19T06:34:25","modified_gmt":"2025-07-19T06:34:25","slug":"hkm-ratsakindad-professional-soft","status":"publish","type":"product","link":"https:\/\/www.allforhorses.ee\/ru\/toode\/hkm-ratsakindad-professional-soft\/","title":{"rendered":"HKM Ratsakindad &#171;Professional Soft&#187;"},"content":{"rendered":"","protected":false},"excerpt":{"rendered":"<p><strong>HKM Ratsakindad &#171;Professional Soft&#187;<\/strong> on mittelibisevad, mugavad ja hingavad, on\u00a0tugevdused ratsmete jaoks.\u00a0Kunstnahk.<br \/>\nMaterjal: 60% pol\u00fcuretaan, 40% pol\u00fcester.<\/p>\n<p><em>Tarne 10-14 t\u00f6\u00f6p\u00e4eva. LAOS suurus XS.<\/em><\/p>\n<p>&nbsp;<\/p>\n","protected":false},"featured_media":18025,"template":"","meta":[],"product_brand":[],"product_cat":[109,128,129],"product_tag":[],"class_list":{"0":"post-18020","1":"product","2":"type-product","3":"status-publish","4":"has-post-thumbnail","6":"product_cat-ratsariided","7":"product_cat-ratsakindad","8":"product_cat-suvised-ratsakindad","10":"first","11":"instock","12":"taxable","13":"shipping-taxable","14":"purchasable","15":"product-type-variable"},"_links":{"self":[{"href":"https:\/\/www.allforhorses.ee\/ru\/wp-json\/wp\/v2\/product\/18020","targetHints":{"allow":["GET"]}}],"collection":[{"href":"https:\/\/www.allforhorses.ee\/ru\/wp-json\/wp\/v2\/product"}],"about":[{"href":"https:\/\/www.allforhorses.ee\/ru\/wp-json\/wp\/v2\/types\/product"}],"wp:featuredmedia":[{"embeddable":true,"href":"https:\/\/www.allforhorses.ee\/ru\/wp-json\/wp\/v2\/media\/18025"}],"wp:attachment":[{"href":"https:\/\/www.allforhorses.ee\/ru\/wp-json\/wp\/v2\/media?parent=18020"}],"wp:term":[{"taxonomy":"product_brand","embeddable":true,"href":"https:\/\/www.allforhorses.ee\/ru\/wp-json\/wp\/v2\/product_brand?post=18020"},{"taxonomy":"product_cat","embeddable":true,"href":"https:\/\/www.allforhorses.ee\/ru\/wp-json\/wp\/v2\/product_cat?post=18020"},{"taxonomy":"product_tag","embeddable":true,"href":"https:\/\/www.allforhorses.ee\/ru\/wp-json\/wp\/v2\/product_tag?post=18020"}],"curies":[{"name":"wp","href":"https:\/\/api.w.org\/{rel}","templated":true}]}}