{"id":17992,"date":"2022-09-06T06:09:30","date_gmt":"2022-09-06T06:09:30","guid":{"rendered":"https:\/\/www.allforhorses.ee\/?post_type=product&#038;p=17992"},"modified":"2024-02-27T11:05:08","modified_gmt":"2024-02-27T11:05:08","slug":"hkm-laste-ratsakindad-special","status":"publish","type":"product","link":"https:\/\/www.allforhorses.ee\/ru\/toode\/hkm-laste-ratsakindad-special\/","title":{"rendered":"HKM Laste Ratsakindad &#171;Special&#187;"},"content":{"rendered":"","protected":false},"excerpt":{"rendered":"<p><strong>HKM Laste Ratsakindad &#171;Special&#187;<\/strong> on mugavad,\u00a0hingavad ja \u00a0kergekaalulised. Sobivad h\u00e4sti suveks. Kunstnahk, Stretch-Materjal.<br \/>\nMaterjal: 85% pol\u00fceester, 15% pol\u00fcet\u00fcraan.<br \/>\nMasinpestavad 30-kraadi juures.<\/p>\n<p>Suurus: 10- aastane laps<\/p>\n","protected":false},"featured_media":17989,"template":"","meta":[],"product_brand":[],"product_cat":[109,128,129],"product_tag":[],"class_list":{"0":"post-17992","1":"product","2":"type-product","3":"status-publish","4":"has-post-thumbnail","6":"product_cat-ratsariided","7":"product_cat-ratsakindad","8":"product_cat-suvised-ratsakindad","10":"first","11":"instock","12":"taxable","13":"shipping-taxable","14":"purchasable","15":"product-type-variable"},"_links":{"self":[{"href":"https:\/\/www.allforhorses.ee\/ru\/wp-json\/wp\/v2\/product\/17992","targetHints":{"allow":["GET"]}}],"collection":[{"href":"https:\/\/www.allforhorses.ee\/ru\/wp-json\/wp\/v2\/product"}],"about":[{"href":"https:\/\/www.allforhorses.ee\/ru\/wp-json\/wp\/v2\/types\/product"}],"wp:featuredmedia":[{"embeddable":true,"href":"https:\/\/www.allforhorses.ee\/ru\/wp-json\/wp\/v2\/media\/17989"}],"wp:attachment":[{"href":"https:\/\/www.allforhorses.ee\/ru\/wp-json\/wp\/v2\/media?parent=17992"}],"wp:term":[{"taxonomy":"product_brand","embeddable":true,"href":"https:\/\/www.allforhorses.ee\/ru\/wp-json\/wp\/v2\/product_brand?post=17992"},{"taxonomy":"product_cat","embeddable":true,"href":"https:\/\/www.allforhorses.ee\/ru\/wp-json\/wp\/v2\/product_cat?post=17992"},{"taxonomy":"product_tag","embeddable":true,"href":"https:\/\/www.allforhorses.ee\/ru\/wp-json\/wp\/v2\/product_tag?post=17992"}],"curies":[{"name":"wp","href":"https:\/\/api.w.org\/{rel}","templated":true}]}}