{"id":17915,"date":"2022-08-30T11:56:03","date_gmt":"2022-08-30T11:56:03","guid":{"rendered":"https:\/\/www.allforhorses.ee\/?post_type=product&#038;p=17915"},"modified":"2023-03-29T12:56:22","modified_gmt":"2023-03-29T12:56:22","slug":"uldsadul-koos-jaluste-ja-jaluserihmadegabeauty","status":"publish","type":"product","link":"https:\/\/www.allforhorses.ee\/ru\/toode\/uldsadul-koos-jaluste-ja-jaluserihmadegabeauty\/","title":{"rendered":"\u00dcldsadul koos jaluste ja jaluserihmadega&#187;Beauty&#187;"},"content":{"rendered":"","protected":false},"excerpt":{"rendered":"<p><strong>\u00dcldsadul &#171;Beauty&#187;<br \/>\n<\/strong>Komplektis on jalused ja jaluserihmad.<br \/>\nV\u00e4rv: must.<\/p>\n<p>Istme suurused:<br \/>\n12&#187; &#8212; Shetty,<br \/>\n15&#187; &#8212; Pony,<br \/>\n16&#187; &#8212; Pony\/Cob,<br \/>\n17,5&#187; &#8212; Cob\/Full,<br \/>\n18&#187; &#8212; Full.<\/p>\n<p><em>Tarneaeg u 14 t\u00f6\u00f6p\u00e4eva.<\/em><\/p>\n","protected":false},"featured_media":23124,"template":"","meta":[],"product_brand":[],"product_cat":[158,176,180,177],"product_tag":[],"class_list":{"0":"post-17915","1":"product","2":"type-product","3":"status-publish","4":"has-post-thumbnail","6":"product_cat-hobusele","7":"product_cat-sadulad-ja-sadulakatted","8":"product_cat-ponide-sadulad","9":"product_cat-uldsadulad","11":"first","12":"instock","13":"taxable","14":"shipping-taxable","15":"purchasable","16":"product-type-variable"},"_links":{"self":[{"href":"https:\/\/www.allforhorses.ee\/ru\/wp-json\/wp\/v2\/product\/17915","targetHints":{"allow":["GET"]}}],"collection":[{"href":"https:\/\/www.allforhorses.ee\/ru\/wp-json\/wp\/v2\/product"}],"about":[{"href":"https:\/\/www.allforhorses.ee\/ru\/wp-json\/wp\/v2\/types\/product"}],"wp:featuredmedia":[{"embeddable":true,"href":"https:\/\/www.allforhorses.ee\/ru\/wp-json\/wp\/v2\/media\/23124"}],"wp:attachment":[{"href":"https:\/\/www.allforhorses.ee\/ru\/wp-json\/wp\/v2\/media?parent=17915"}],"wp:term":[{"taxonomy":"product_brand","embeddable":true,"href":"https:\/\/www.allforhorses.ee\/ru\/wp-json\/wp\/v2\/product_brand?post=17915"},{"taxonomy":"product_cat","embeddable":true,"href":"https:\/\/www.allforhorses.ee\/ru\/wp-json\/wp\/v2\/product_cat?post=17915"},{"taxonomy":"product_tag","embeddable":true,"href":"https:\/\/www.allforhorses.ee\/ru\/wp-json\/wp\/v2\/product_tag?post=17915"}],"curies":[{"name":"wp","href":"https:\/\/api.w.org\/{rel}","templated":true}]}}