{"id":17794,"date":"2022-06-02T09:14:00","date_gmt":"2022-06-02T09:14:00","guid":{"rendered":"https:\/\/www.allforhorses.ee\/?post_type=product&#038;p=17794"},"modified":"2025-11-25T16:04:32","modified_gmt":"2025-11-25T16:04:32","slug":"uldsoiduvaltrap-athene","status":"publish","type":"product","link":"https:\/\/www.allforhorses.ee\/ru\/toode\/uldsoiduvaltrap-athene\/","title":{"rendered":"\u00dclds\u00f5iduvaltrap &#171;Athene&#187;"},"content":{"rendered":"","protected":false},"excerpt":{"rendered":"<p><strong>Koolis\u00f5iduvaltrap<\/strong>il <strong>&#171;Athene&#187;<\/strong><br \/>\nExtra thin.<br \/>\nMaterjal: 100% pol\u00fcester.<br \/>\nMasinpestav 30 kraadise veeprogrammiga.<br \/>\nSuurus: Full.<\/p>\n<p>V\u00e4rv: must.<\/p>\n","protected":false},"featured_media":17812,"template":"","meta":[],"product_brand":[],"product_cat":[158,187,188],"product_tag":[],"class_list":{"0":"post-17794","1":"product","2":"type-product","3":"status-publish","4":"has-post-thumbnail","6":"product_cat-hobusele","7":"product_cat-valtrapid","8":"product_cat-uldvaltrapid","10":"first","11":"instock","12":"taxable","13":"shipping-taxable","14":"purchasable","15":"product-type-simple"},"_links":{"self":[{"href":"https:\/\/www.allforhorses.ee\/ru\/wp-json\/wp\/v2\/product\/17794","targetHints":{"allow":["GET"]}}],"collection":[{"href":"https:\/\/www.allforhorses.ee\/ru\/wp-json\/wp\/v2\/product"}],"about":[{"href":"https:\/\/www.allforhorses.ee\/ru\/wp-json\/wp\/v2\/types\/product"}],"wp:featuredmedia":[{"embeddable":true,"href":"https:\/\/www.allforhorses.ee\/ru\/wp-json\/wp\/v2\/media\/17812"}],"wp:attachment":[{"href":"https:\/\/www.allforhorses.ee\/ru\/wp-json\/wp\/v2\/media?parent=17794"}],"wp:term":[{"taxonomy":"product_brand","embeddable":true,"href":"https:\/\/www.allforhorses.ee\/ru\/wp-json\/wp\/v2\/product_brand?post=17794"},{"taxonomy":"product_cat","embeddable":true,"href":"https:\/\/www.allforhorses.ee\/ru\/wp-json\/wp\/v2\/product_cat?post=17794"},{"taxonomy":"product_tag","embeddable":true,"href":"https:\/\/www.allforhorses.ee\/ru\/wp-json\/wp\/v2\/product_tag?post=17794"}],"curies":[{"name":"wp","href":"https:\/\/api.w.org\/{rel}","templated":true}]}}