{"id":17712,"date":"2022-05-17T18:51:02","date_gmt":"2022-05-17T18:51:02","guid":{"rendered":"https:\/\/www.allforhorses.ee\/?post_type=product&#038;p=17712"},"modified":"2025-05-27T05:30:43","modified_gmt":"2025-05-27T05:30:43","slug":"karbsemuts-soulhorse","status":"publish","type":"product","link":"https:\/\/www.allforhorses.ee\/ru\/toode\/karbsemuts-soulhorse\/","title":{"rendered":"K\u00e4rbsem\u00fcts &#171;Soulhorse&#187;"},"content":{"rendered":"","protected":false},"excerpt":{"rendered":"<p><strong>K\u00e4rbsem\u00fcts<\/strong><br \/>\nMasinpestav 30 kraadise veeprogrammiga.<br \/>\nMaterjal: 100% pol\u00fceester.<\/p>\n<p>Suurus: Full.<\/p>\n","protected":false},"featured_media":17715,"template":"","meta":[],"product_brand":[],"product_cat":[158,204,208],"product_tag":[],"class_list":{"0":"post-17712","1":"product","2":"type-product","3":"status-publish","4":"has-post-thumbnail","6":"product_cat-hobusele","7":"product_cat-putukatorje-vahendid","8":"product_cat-karbsemutsid","10":"first","11":"instock","12":"taxable","13":"shipping-taxable","14":"purchasable","15":"product-type-simple"},"_links":{"self":[{"href":"https:\/\/www.allforhorses.ee\/ru\/wp-json\/wp\/v2\/product\/17712","targetHints":{"allow":["GET"]}}],"collection":[{"href":"https:\/\/www.allforhorses.ee\/ru\/wp-json\/wp\/v2\/product"}],"about":[{"href":"https:\/\/www.allforhorses.ee\/ru\/wp-json\/wp\/v2\/types\/product"}],"wp:featuredmedia":[{"embeddable":true,"href":"https:\/\/www.allforhorses.ee\/ru\/wp-json\/wp\/v2\/media\/17715"}],"wp:attachment":[{"href":"https:\/\/www.allforhorses.ee\/ru\/wp-json\/wp\/v2\/media?parent=17712"}],"wp:term":[{"taxonomy":"product_brand","embeddable":true,"href":"https:\/\/www.allforhorses.ee\/ru\/wp-json\/wp\/v2\/product_brand?post=17712"},{"taxonomy":"product_cat","embeddable":true,"href":"https:\/\/www.allforhorses.ee\/ru\/wp-json\/wp\/v2\/product_cat?post=17712"},{"taxonomy":"product_tag","embeddable":true,"href":"https:\/\/www.allforhorses.ee\/ru\/wp-json\/wp\/v2\/product_tag?post=17712"}],"curies":[{"name":"wp","href":"https:\/\/api.w.org\/{rel}","templated":true}]}}