{"id":17594,"date":"2022-05-01T12:59:09","date_gmt":"2022-05-01T12:59:09","guid":{"rendered":"https:\/\/www.allforhorses.ee\/?post_type=product&#038;p=17594"},"modified":"2024-08-14T13:00:53","modified_gmt":"2024-08-14T13:00:53","slug":"uldsadul-elegance","status":"publish","type":"product","link":"https:\/\/www.allforhorses.ee\/ru\/toode\/uldsadul-elegance\/","title":{"rendered":"\u00dcldsadul &#171;Elegance&#187;"},"content":{"rendered":"","protected":false},"excerpt":{"rendered":"<p><strong>\u00dcldsadul &#171;Elegance&#187; <\/strong><br \/>\nSadulakaar: medium 32 cm.<br \/>\nIstme suurus: 17.5&#187; , 18&#187;.<br \/>\nV\u00e4rv: pruun.<\/p>\n<p><span style=\"font-family: Arial;\">Oiled quality leather,\u00a0<\/span><span style=\"font-family: Arial;\">knee and calf rolls give firm support,\u00a0<\/span><span style=\"font-family: Arial;\">girth straps lined with nylon,\u00a0<\/span><span style=\"font-family: Arial;\">shortened\u00a0sweat flap,\u00a0<\/span><span style=\"font-family: Arial;\">suitable for short girths.<br \/>\n<\/span><em><span style=\"font-family: Arial;\">Please note that oily leather darkens after applying oil.<\/span><\/em><\/p>\n<p><em>Sadulad ainult ettetellimisel. Tarneaeg: u 14 t\u00f6\u00f6p\u00e4eva.<\/em><\/p>\n","protected":false},"featured_media":17599,"template":"","meta":[],"product_brand":[],"product_cat":[158,176,177,753,755],"product_tag":[],"class_list":{"0":"post-17594","1":"product","2":"type-product","3":"status-publish","4":"has-post-thumbnail","6":"product_cat-hobusele","7":"product_cat-sadulad-ja-sadulakatted","8":"product_cat-uldsadulad","9":"product_cat-suurtele-hobustele","10":"product_cat-sadulad","12":"first","13":"instock","14":"taxable","15":"shipping-taxable","16":"purchasable","17":"product-type-variable"},"_links":{"self":[{"href":"https:\/\/www.allforhorses.ee\/ru\/wp-json\/wp\/v2\/product\/17594","targetHints":{"allow":["GET"]}}],"collection":[{"href":"https:\/\/www.allforhorses.ee\/ru\/wp-json\/wp\/v2\/product"}],"about":[{"href":"https:\/\/www.allforhorses.ee\/ru\/wp-json\/wp\/v2\/types\/product"}],"wp:featuredmedia":[{"embeddable":true,"href":"https:\/\/www.allforhorses.ee\/ru\/wp-json\/wp\/v2\/media\/17599"}],"wp:attachment":[{"href":"https:\/\/www.allforhorses.ee\/ru\/wp-json\/wp\/v2\/media?parent=17594"}],"wp:term":[{"taxonomy":"product_brand","embeddable":true,"href":"https:\/\/www.allforhorses.ee\/ru\/wp-json\/wp\/v2\/product_brand?post=17594"},{"taxonomy":"product_cat","embeddable":true,"href":"https:\/\/www.allforhorses.ee\/ru\/wp-json\/wp\/v2\/product_cat?post=17594"},{"taxonomy":"product_tag","embeddable":true,"href":"https:\/\/www.allforhorses.ee\/ru\/wp-json\/wp\/v2\/product_tag?post=17594"}],"curies":[{"name":"wp","href":"https:\/\/api.w.org\/{rel}","templated":true}]}}