{"id":17476,"date":"2022-04-20T14:40:04","date_gmt":"2022-04-20T14:40:04","guid":{"rendered":"https:\/\/www.allforhorses.ee\/?post_type=product&#038;p=17476"},"modified":"2022-06-29T17:07:23","modified_gmt":"2022-06-29T17:07:23","slug":"sticky-trap-puunisliim750ml","status":"publish","type":"product","link":"https:\/\/www.allforhorses.ee\/ru\/toode\/sticky-trap-puunisliim750ml\/","title":{"rendered":"Sticky Trap P\u00fc\u00fcnisliim(750ml)"},"content":{"rendered":"<div class=\"wpb-content-wrapper\"><p>[vc_row][vc_column][vc_column_text]<strong>Instructions<\/strong><br \/>\nFirst blow up the Horse Fly Ball and hang it on the desired location (half sun, half shade and away from children and animals). After that you need to apply the glue on the ball. Bring on a circle of glue around the ball, <em>10 centimetres away from the handle.<\/em> Hold the handle while applying the glue to the ball. The glue gets hot and will slowly dripes down. With the Brush:\u00a0Horse Fly Trap Kwast,\u00a0you can easily and\u00a0advantageous\u00a0dividing the glue.[\/vc_column_text][\/vc_column][\/vc_row]<\/p>\n<\/div>","protected":false},"excerpt":{"rendered":"<p><strong>Sticky Trap P\u00fc\u00fcnisliim<\/strong> on parim p\u00fc\u00fcnisliim sisetingimustes kasutamiseks! Kleepuvate k\u00e4rbsep\u00fc\u00fcniste loomiseks kasutatud liim. Sticky Trap on spetsiaalselt loodud k\u00e4rbeste, hobuk\u00e4rbeste ja muude putukate p\u00fc\u00fcdmiseks. Selle valem p\u00e4rineb Ameerika \u00dchendriikidest ja seda kasutatakse kogu maailmas agressiivsete \/ t\u00fc\u00fctute putukate p\u00fc\u00fcdmiseks. See austab keskkonda ja t\u00e4nu erilisele kujundusele j\u00e4\u00e4b putukas kinni niipea, kui putukas liimiga kokku puutub. Sticky Trap liim on keskkonnas\u00f5bralik ja seda kasutatakse kuulsas Kylix Loeri liimil\u00f5ksus. Liimi kasutatakse koos tumeda, liikuva esemega. Emas hobusek\u00e4rbes arvab, et objekt on tema saak ja ei suuda lihtsalt selle vastu r\u00fcnnata. V\u00f5ite kasutada kas plastikust k\u00e4rbsepalli v\u00f5i \u00e4mbrit v\u00f5i tumedat plastikut\u00fckki (vt juba kasutamiseks ettevalmistatud \u00e4mbrit). Sticky Trap liim on v\u00e4ga taskukohane ja tapab kiiresti k\u00e4rbsed teie hobuse \u00fcmber.<\/p>\n<p>Kleepuv l\u00f5ks on vihma suhtes vastupidav ja on efektiivne kuni 5 kuud.<br \/>\nKuup on oma pinnalt immutatud Stricky-Trapiga ja meelitab hammustavaid putukaid t\u00e4nu oma spetsiaalsele valemile, v\u00e4ga t\u00f5hus ja pestitsiidivaba.<br \/>\nLiim on veekindel.<br \/>\nV\u00e4ltige silma sattumist.<\/p>\n<p>Suurus: 750ml.<\/p>\n<p>Pintsel on komplektis!<\/p>\n<p><a href=\"https:\/\/www.allforhorses.ee\/toode\/sticky-trap-pall\/\">Sticky Trap Ball<\/a> leiad siin.<\/p>\n<p>&nbsp;<\/p>\n","protected":false},"featured_media":17477,"template":"","meta":[],"product_brand":[],"product_cat":[158,204,205],"product_tag":[],"class_list":{"0":"post-17476","1":"product","2":"type-product","3":"status-publish","4":"has-post-thumbnail","6":"product_cat-hobusele","7":"product_cat-putukatorje-vahendid","8":"product_cat-putukatorjevahendid","10":"first","11":"outofstock","12":"taxable","13":"shipping-taxable","14":"purchasable","15":"product-type-simple"},"_links":{"self":[{"href":"https:\/\/www.allforhorses.ee\/ru\/wp-json\/wp\/v2\/product\/17476","targetHints":{"allow":["GET"]}}],"collection":[{"href":"https:\/\/www.allforhorses.ee\/ru\/wp-json\/wp\/v2\/product"}],"about":[{"href":"https:\/\/www.allforhorses.ee\/ru\/wp-json\/wp\/v2\/types\/product"}],"wp:featuredmedia":[{"embeddable":true,"href":"https:\/\/www.allforhorses.ee\/ru\/wp-json\/wp\/v2\/media\/17477"}],"wp:attachment":[{"href":"https:\/\/www.allforhorses.ee\/ru\/wp-json\/wp\/v2\/media?parent=17476"}],"wp:term":[{"taxonomy":"product_brand","embeddable":true,"href":"https:\/\/www.allforhorses.ee\/ru\/wp-json\/wp\/v2\/product_brand?post=17476"},{"taxonomy":"product_cat","embeddable":true,"href":"https:\/\/www.allforhorses.ee\/ru\/wp-json\/wp\/v2\/product_cat?post=17476"},{"taxonomy":"product_tag","embeddable":true,"href":"https:\/\/www.allforhorses.ee\/ru\/wp-json\/wp\/v2\/product_tag?post=17476"}],"curies":[{"name":"wp","href":"https:\/\/api.w.org\/{rel}","templated":true}]}}