{"id":17452,"date":"2022-04-20T14:14:10","date_gmt":"2022-04-20T14:14:10","guid":{"rendered":"https:\/\/www.allforhorses.ee\/?post_type=product&#038;p=17452"},"modified":"2023-05-11T12:50:36","modified_gmt":"2023-05-11T12:50:36","slug":"karbsekardinad-korvade-kaitsegapunane","status":"publish","type":"product","link":"https:\/\/www.allforhorses.ee\/ru\/toode\/karbsekardinad-korvade-kaitsegapunane\/","title":{"rendered":"K\u00e4rbsekardinad (punane)"},"content":{"rendered":"","protected":false},"excerpt":{"rendered":"<p><strong>K\u00e4rbsekardinad k\u00f5rvade kaitseta<\/strong> on suurep\u00e4rased abivahendid k\u00e4rbeste \u00e4ra ajamisel hobuse silmadelt. Saab kasutada ka ilma valjaste ja p\u00e4itseteta.<br \/>\nK\u00f5rgus: 20cm.<br \/>\nPikkus: 4cm.<\/p>\n","protected":false},"featured_media":17456,"template":"","meta":[],"product_brand":[],"product_cat":[158,204,208,206],"product_tag":[],"class_list":{"0":"post-17452","1":"product","2":"type-product","3":"status-publish","4":"has-post-thumbnail","6":"product_cat-hobusele","7":"product_cat-putukatorje-vahendid","8":"product_cat-karbsemutsid","9":"product_cat-putukamaskid","11":"first","12":"instock","13":"taxable","14":"shipping-taxable","15":"purchasable","16":"product-type-simple"},"_links":{"self":[{"href":"https:\/\/www.allforhorses.ee\/ru\/wp-json\/wp\/v2\/product\/17452","targetHints":{"allow":["GET"]}}],"collection":[{"href":"https:\/\/www.allforhorses.ee\/ru\/wp-json\/wp\/v2\/product"}],"about":[{"href":"https:\/\/www.allforhorses.ee\/ru\/wp-json\/wp\/v2\/types\/product"}],"wp:featuredmedia":[{"embeddable":true,"href":"https:\/\/www.allforhorses.ee\/ru\/wp-json\/wp\/v2\/media\/17456"}],"wp:attachment":[{"href":"https:\/\/www.allforhorses.ee\/ru\/wp-json\/wp\/v2\/media?parent=17452"}],"wp:term":[{"taxonomy":"product_brand","embeddable":true,"href":"https:\/\/www.allforhorses.ee\/ru\/wp-json\/wp\/v2\/product_brand?post=17452"},{"taxonomy":"product_cat","embeddable":true,"href":"https:\/\/www.allforhorses.ee\/ru\/wp-json\/wp\/v2\/product_cat?post=17452"},{"taxonomy":"product_tag","embeddable":true,"href":"https:\/\/www.allforhorses.ee\/ru\/wp-json\/wp\/v2\/product_tag?post=17452"}],"curies":[{"name":"wp","href":"https:\/\/api.w.org\/{rel}","templated":true}]}}