{"id":17182,"date":"2022-02-03T14:07:04","date_gmt":"2022-02-03T14:07:04","guid":{"rendered":"https:\/\/www.allforhorses.ee\/?post_type=product&#038;p=17182"},"modified":"2023-01-17T21:32:53","modified_gmt":"2023-01-17T21:32:53","slug":"hkm-tagajalakaitsmed-basic","status":"publish","type":"product","link":"https:\/\/www.allforhorses.ee\/ru\/toode\/hkm-tagajalakaitsmed-basic\/","title":{"rendered":"HKM Tagajalakaitsmed &#171;Basic&#187;"},"content":{"rendered":"","protected":false},"excerpt":{"rendered":"<p><b>Tagajalakaitsmed <\/b>on l\u00f6\u00f6ki pehmendavate omadusega.<\/p>\n<ul>\n<li>anatomically shaped<\/li>\n<li>touch close fastening approx 5cm wide<\/li>\n<li>inside padded with softoprene fabric<\/li>\n<li>machine washable at 30 degrees<\/li>\n<li>suitable for dryer<\/li>\n<li>delicate wash required<\/li>\n<li>before washing close touch close fastenings<\/li>\n<\/ul>\n<p>Sobivad h\u00e4sti koos <a href=\"https:\/\/www.allforhorses.ee\/toode\/hkm-jalakaitsmed-basic\/\">esijalakaitsmed<\/a><\/p>\n<p><em>Jalakaitsmed on ainult ettetellimisel(tarneaeg 10-14 t\u00f6\u00f6p\u00e4eva).<\/em><\/p>\n","protected":false},"featured_media":20030,"template":"","meta":[],"product_brand":[],"product_cat":[158,236,238],"product_tag":[],"class_list":{"0":"post-17182","1":"product","2":"type-product","3":"status-publish","4":"has-post-thumbnail","6":"product_cat-hobusele","7":"product_cat-hobuste-jalakaitsmed-ja-kalossid","8":"product_cat-tagajalakaitsmed","10":"first","11":"instock","12":"taxable","13":"shipping-taxable","14":"purchasable","15":"product-type-variable"},"_links":{"self":[{"href":"https:\/\/www.allforhorses.ee\/ru\/wp-json\/wp\/v2\/product\/17182","targetHints":{"allow":["GET"]}}],"collection":[{"href":"https:\/\/www.allforhorses.ee\/ru\/wp-json\/wp\/v2\/product"}],"about":[{"href":"https:\/\/www.allforhorses.ee\/ru\/wp-json\/wp\/v2\/types\/product"}],"wp:featuredmedia":[{"embeddable":true,"href":"https:\/\/www.allforhorses.ee\/ru\/wp-json\/wp\/v2\/media\/20030"}],"wp:attachment":[{"href":"https:\/\/www.allforhorses.ee\/ru\/wp-json\/wp\/v2\/media?parent=17182"}],"wp:term":[{"taxonomy":"product_brand","embeddable":true,"href":"https:\/\/www.allforhorses.ee\/ru\/wp-json\/wp\/v2\/product_brand?post=17182"},{"taxonomy":"product_cat","embeddable":true,"href":"https:\/\/www.allforhorses.ee\/ru\/wp-json\/wp\/v2\/product_cat?post=17182"},{"taxonomy":"product_tag","embeddable":true,"href":"https:\/\/www.allforhorses.ee\/ru\/wp-json\/wp\/v2\/product_tag?post=17182"}],"curies":[{"name":"wp","href":"https:\/\/api.w.org\/{rel}","templated":true}]}}