{"id":17012,"date":"2022-01-29T17:20:59","date_gmt":"2022-01-29T17:20:59","guid":{"rendered":"https:\/\/www.allforhorses.ee\/?post_type=product&#038;p=17012"},"modified":"2025-11-29T10:13:49","modified_gmt":"2025-11-29T10:13:49","slug":"hkm-harjakast-glam","status":"publish","type":"product","link":"https:\/\/www.allforhorses.ee\/ru\/toode\/hkm-harjakast-glam\/","title":{"rendered":"HKM Harjakast &#171;Glam&#187;"},"content":{"rendered":"","protected":false},"excerpt":{"rendered":"<p><strong>Harjakast &#171;Glam&#187;<\/strong><br \/>\nM\u00f5\u00f5dud:\u00a038 x 28 x 30 cm<\/p>\n<p><em>Tarne 14 t\u00f6\u00f6p\u00e4eva.<br \/>\nLAOS sinine kast.<\/em><\/p>\n","protected":false},"featured_media":30280,"template":"","meta":[],"product_brand":[],"product_cat":[158,159,168,169],"product_tag":[],"class_list":{"0":"post-17012","1":"product","2":"type-product","3":"status-publish","4":"has-post-thumbnail","6":"product_cat-hobusele","7":"product_cat-hobuste-hooldusvahendid","8":"product_cat-harjakastid-ja-kotid","9":"product_cat-harjakastid","11":"first","12":"instock","13":"taxable","14":"shipping-taxable","15":"purchasable","16":"product-type-variable"},"_links":{"self":[{"href":"https:\/\/www.allforhorses.ee\/ru\/wp-json\/wp\/v2\/product\/17012","targetHints":{"allow":["GET"]}}],"collection":[{"href":"https:\/\/www.allforhorses.ee\/ru\/wp-json\/wp\/v2\/product"}],"about":[{"href":"https:\/\/www.allforhorses.ee\/ru\/wp-json\/wp\/v2\/types\/product"}],"wp:featuredmedia":[{"embeddable":true,"href":"https:\/\/www.allforhorses.ee\/ru\/wp-json\/wp\/v2\/media\/30280"}],"wp:attachment":[{"href":"https:\/\/www.allforhorses.ee\/ru\/wp-json\/wp\/v2\/media?parent=17012"}],"wp:term":[{"taxonomy":"product_brand","embeddable":true,"href":"https:\/\/www.allforhorses.ee\/ru\/wp-json\/wp\/v2\/product_brand?post=17012"},{"taxonomy":"product_cat","embeddable":true,"href":"https:\/\/www.allforhorses.ee\/ru\/wp-json\/wp\/v2\/product_cat?post=17012"},{"taxonomy":"product_tag","embeddable":true,"href":"https:\/\/www.allforhorses.ee\/ru\/wp-json\/wp\/v2\/product_tag?post=17012"}],"curies":[{"name":"wp","href":"https:\/\/api.w.org\/{rel}","templated":true}]}}