{"id":16501,"date":"2021-11-17T11:28:38","date_gmt":"2021-11-17T11:28:38","guid":{"rendered":"https:\/\/www.allforhorses.ee\/?post_type=product&#038;p=16501"},"modified":"2024-09-08T11:34:40","modified_gmt":"2024-09-08T11:34:40","slug":"covalliero-taiskasvanute-turvavest-protectoflex-beta","status":"publish","type":"product","link":"https:\/\/www.allforhorses.ee\/ru\/toode\/covalliero-taiskasvanute-turvavest-protectoflex-beta\/","title":{"rendered":"Covalliero T\u00e4iskasvanute Turvavest &#171;ProtectoFlex Beta&#187;"},"content":{"rendered":"","protected":false},"excerpt":{"rendered":"<p><strong>Covalliero T\u00e4iskasvanute<\/strong><strong>\u00a0Turvavest &#171;ProtectoFlex Beta&#187;<\/strong> neelavad suurema osa l\u00f6\u00f6gij\u00f5ust, mis ratsaniku kukkumisel tekib. Turvavestil on ees t\u00f5mblukk.<br \/>\nSuurus: XS, S, M, L. V\u00e4rv: must.<\/p>\n<p><em>Turvavest &#171;ProtectoFlex Beta&#187; on ainult ettetellimisel(tarne 10-14 t\u00f6\u00f6p\u00e4eva).<\/em><\/p>\n","protected":false},"featured_media":16510,"template":"","meta":[],"product_brand":[],"product_cat":[109,131],"product_tag":[],"class_list":{"0":"post-16501","1":"product","2":"type-product","3":"status-publish","4":"has-post-thumbnail","6":"product_cat-ratsariided","7":"product_cat-ratsakiivrid-turvavestid","9":"first","10":"instock","11":"taxable","12":"shipping-taxable","13":"purchasable","14":"product-type-variable"},"_links":{"self":[{"href":"https:\/\/www.allforhorses.ee\/ru\/wp-json\/wp\/v2\/product\/16501","targetHints":{"allow":["GET"]}}],"collection":[{"href":"https:\/\/www.allforhorses.ee\/ru\/wp-json\/wp\/v2\/product"}],"about":[{"href":"https:\/\/www.allforhorses.ee\/ru\/wp-json\/wp\/v2\/types\/product"}],"wp:featuredmedia":[{"embeddable":true,"href":"https:\/\/www.allforhorses.ee\/ru\/wp-json\/wp\/v2\/media\/16510"}],"wp:attachment":[{"href":"https:\/\/www.allforhorses.ee\/ru\/wp-json\/wp\/v2\/media?parent=16501"}],"wp:term":[{"taxonomy":"product_brand","embeddable":true,"href":"https:\/\/www.allforhorses.ee\/ru\/wp-json\/wp\/v2\/product_brand?post=16501"},{"taxonomy":"product_cat","embeddable":true,"href":"https:\/\/www.allforhorses.ee\/ru\/wp-json\/wp\/v2\/product_cat?post=16501"},{"taxonomy":"product_tag","embeddable":true,"href":"https:\/\/www.allforhorses.ee\/ru\/wp-json\/wp\/v2\/product_tag?post=16501"}],"curies":[{"name":"wp","href":"https:\/\/api.w.org\/{rel}","templated":true}]}}