{"id":16138,"date":"2021-10-18T15:00:29","date_gmt":"2021-10-18T15:00:29","guid":{"rendered":"https:\/\/www.allforhorses.ee\/?post_type=product&#038;p=16138"},"modified":"2026-04-14T07:15:39","modified_gmt":"2026-04-14T07:15:39","slug":"madal-painduv-soodakauss15l-flexbag","status":"publish","type":"product","link":"https:\/\/www.allforhorses.ee\/ru\/toode\/madal-painduv-soodakauss15l-flexbag\/","title":{"rendered":"Madal Painduv S\u00f6\u00f6dakauss(15l) &#171;FlexBag&#187;"},"content":{"rendered":"","protected":false},"excerpt":{"rendered":"<p><strong>Madal Painduv S\u00f6\u00f6dakauss(15 l) &#171;FlexBag&#187;\u00a0<\/strong>h\u00e4sti sobib\u00a0s\u00f6\u00f6da- ja veen\u00f5uks. Saab kasutada tallis ja aias. Sangadega s\u00f6\u00f6dakauss, mida hobused ei saa l\u00f5hkuda ja kergelt \u00fcmber ajada<br \/>\nV\u00e4rv: sinine, punane.<\/p>\n","protected":false},"featured_media":16143,"template":"","meta":[],"product_brand":[],"product_cat":[145,146,149],"product_tag":[],"class_list":{"0":"post-16138","1":"product","2":"type-product","3":"status-publish","4":"has-post-thumbnail","6":"product_cat-talli","7":"product_cat-talliambrid-ja-soodakaussid","8":"product_cat-soodakausid","10":"first","11":"instock","12":"taxable","13":"shipping-taxable","14":"purchasable","15":"product-type-variable"},"_links":{"self":[{"href":"https:\/\/www.allforhorses.ee\/ru\/wp-json\/wp\/v2\/product\/16138","targetHints":{"allow":["GET"]}}],"collection":[{"href":"https:\/\/www.allforhorses.ee\/ru\/wp-json\/wp\/v2\/product"}],"about":[{"href":"https:\/\/www.allforhorses.ee\/ru\/wp-json\/wp\/v2\/types\/product"}],"wp:featuredmedia":[{"embeddable":true,"href":"https:\/\/www.allforhorses.ee\/ru\/wp-json\/wp\/v2\/media\/16143"}],"wp:attachment":[{"href":"https:\/\/www.allforhorses.ee\/ru\/wp-json\/wp\/v2\/media?parent=16138"}],"wp:term":[{"taxonomy":"product_brand","embeddable":true,"href":"https:\/\/www.allforhorses.ee\/ru\/wp-json\/wp\/v2\/product_brand?post=16138"},{"taxonomy":"product_cat","embeddable":true,"href":"https:\/\/www.allforhorses.ee\/ru\/wp-json\/wp\/v2\/product_cat?post=16138"},{"taxonomy":"product_tag","embeddable":true,"href":"https:\/\/www.allforhorses.ee\/ru\/wp-json\/wp\/v2\/product_tag?post=16138"}],"curies":[{"name":"wp","href":"https:\/\/api.w.org\/{rel}","templated":true}]}}